{"id":54966,"date":"2026-04-11T08:01:15","date_gmt":"2026-04-11T06:01:15","guid":{"rendered":"https:\/\/druckluft-verzeichnis.de\/?page_id=54966"},"modified":"2026-04-11T08:48:53","modified_gmt":"2026-04-11T06:48:53","slug":"gated-content","status":"publish","type":"page","link":"https:\/\/druckluft-verzeichnis.de\/en\/gated-content\/","title":{"rendered":"Mitgliederbereich \u2013 Zugriff auf exklusive Inhalte"},"content":{"rendered":"<div data-elementor-type=\"wp-page\" data-elementor-id=\"54966\" class=\"elementor elementor-54966\" data-elementor-settings=\"{&quot;ha_cmc_init_switcher&quot;:&quot;no&quot;}\" data-elementor-post-type=\"page\">\n\t\t\t\t<div class=\"elementor-element elementor-element-3125563 e-flex e-con-boxed e-con e-parent\" data-id=\"3125563\" data-element_type=\"container\" data-e-type=\"container\" data-settings=\"{&quot;_ha_eqh_enable&quot;:false}\">\n\t\t\t\t\t<div class=\"e-con-inner\">\n\t\t\t\t<div class=\"elementor-element elementor-element-958cae4 elementor-widget elementor-widget-heading\" data-id=\"958cae4\" data-element_type=\"widget\" data-e-type=\"widget\" data-widget_type=\"heading.default\">\n\t\t\t\t\t<h2 class=\"elementor-heading-title elementor-size-default\">Mitgliederbereich \u2013 Zugriff auf exklusive Inhalte<\/h2>\t\t\t\t<\/div>\n\t\t\t\t<div class=\"elementor-element elementor-element-ae6b615 elementor-widget elementor-widget-text-editor\" data-id=\"ae6b615\" data-element_type=\"widget\" data-e-type=\"widget\" data-widget_type=\"text-editor.default\">\n\t\t\t\t\t\t\t\t\t<p>Die folgenden Inhalte stehen ausschlie\u00dflich registrierten Mitgliedern zur Verf\u00fcgung. In diesem Bereich erhalten Sie vertiefende Informationen, fundiertes Wissen sowie praxisorientierte Inhalte, die \u00fcber die frei zug\u00e4nglichen Inhalte hinausgehen.<\/p><p><strong>Ihr Mehrwert als Mitglied:<\/strong><\/p><ul data-spread=\"false\"><li>Detaillierte Fachinformationen und weiterf\u00fchrende Inhalte<\/li><li>Strukturierte Handlungsempfehlungen und Best Practices<\/li><li>Zugriff auf exklusive Dokumente und Ressourcen<\/li><li>Kostenloser Mitgliederbereich<\/li><\/ul><p><strong>Zugang erhalten:<\/strong><br \/>Bitte melden Sie sich mit Ihren Zugangsdaten an, um die Inhalte einzusehen.<br \/>Falls Sie noch kein Mitglied sind, k\u00f6nnen Sie sich registrieren und anschlie\u00dfend den vollst\u00e4ndigen Zugriff freischalten.<\/p>\t\t\t\t\t\t\t\t<\/div>\n\t\t<div class=\"elementor-element elementor-element-647e61e e-con-full e-flex e-con e-child\" data-id=\"647e61e\" data-element_type=\"container\" data-e-type=\"container\" data-settings=\"{&quot;_ha_eqh_enable&quot;:false}\">\n\t\t\t\t<div class=\"elementor-element elementor-element-48541b8 elementor-align-center elementor-mobile-align-center e-transform elementor-widget elementor-widget-button\" data-id=\"48541b8\" data-element_type=\"widget\" data-e-type=\"widget\" data-settings=\"{&quot;_transform_translateX_effect_hover&quot;:{&quot;unit&quot;:&quot;px&quot;,&quot;size&quot;:4,&quot;sizes&quot;:[]},&quot;_transform_translateX_effect_hover_tablet&quot;:{&quot;unit&quot;:&quot;px&quot;,&quot;size&quot;:&quot;&quot;,&quot;sizes&quot;:[]},&quot;_transform_translateX_effect_hover_mobile&quot;:{&quot;unit&quot;:&quot;px&quot;,&quot;size&quot;:&quot;&quot;,&quot;sizes&quot;:[]},&quot;_transform_translateY_effect_hover&quot;:{&quot;unit&quot;:&quot;px&quot;,&quot;size&quot;:&quot;&quot;,&quot;sizes&quot;:[]},&quot;_transform_translateY_effect_hover_tablet&quot;:{&quot;unit&quot;:&quot;px&quot;,&quot;size&quot;:&quot;&quot;,&quot;sizes&quot;:[]},&quot;_transform_translateY_effect_hover_mobile&quot;:{&quot;unit&quot;:&quot;px&quot;,&quot;size&quot;:&quot;&quot;,&quot;sizes&quot;:[]}}\" data-widget_type=\"button.default\">\n\t\t\t\t\t\t\t\t\t\t<a class=\"elementor-button elementor-button-link elementor-size-xl\" href=\"https:\/\/druckluft-verzeichnis.de\/en\/registrieren\/\">\n\t\t\t\t\t\t<span class=\"elementor-button-content-wrapper\">\n\t\t\t\t\t\t\t\t\t<span class=\"elementor-button-text\">Jetzt kostenlos registrieren<\/span>\n\t\t\t\t\t<\/span>\n\t\t\t\t\t<\/a>\n\t\t\t\t\t\t\t\t<\/div>\n\t\t\t\t<div class=\"elementor-element elementor-element-1c09b3d elementor-align-center elementor-mobile-align-center e-transform elementor-widget elementor-widget-button\" data-id=\"1c09b3d\" data-element_type=\"widget\" data-e-type=\"widget\" data-settings=\"{&quot;_transform_translateX_effect_hover&quot;:{&quot;unit&quot;:&quot;px&quot;,&quot;size&quot;:4,&quot;sizes&quot;:[]},&quot;_transform_translateX_effect_hover_tablet&quot;:{&quot;unit&quot;:&quot;px&quot;,&quot;size&quot;:&quot;&quot;,&quot;sizes&quot;:[]},&quot;_transform_translateX_effect_hover_mobile&quot;:{&quot;unit&quot;:&quot;px&quot;,&quot;size&quot;:&quot;&quot;,&quot;sizes&quot;:[]},&quot;_transform_translateY_effect_hover&quot;:{&quot;unit&quot;:&quot;px&quot;,&quot;size&quot;:&quot;&quot;,&quot;sizes&quot;:[]},&quot;_transform_translateY_effect_hover_tablet&quot;:{&quot;unit&quot;:&quot;px&quot;,&quot;size&quot;:&quot;&quot;,&quot;sizes&quot;:[]},&quot;_transform_translateY_effect_hover_mobile&quot;:{&quot;unit&quot;:&quot;px&quot;,&quot;size&quot;:&quot;&quot;,&quot;sizes&quot;:[]}}\" data-widget_type=\"button.default\">\n\t\t\t\t\t\t\t\t\t\t<a class=\"elementor-button elementor-button-link elementor-size-xl\" href=\"https:\/\/druckluft-verzeichnis.de\/en\/anmeldung\/\">\n\t\t\t\t\t\t<span class=\"elementor-button-content-wrapper\">\n\t\t\t\t\t\t\t\t\t<span class=\"elementor-button-text\">Zur Anmeldung<\/span>\n\t\t\t\t\t<\/span>\n\t\t\t\t\t<\/a>\n\t\t\t\t\t\t\t\t<\/div>\n\t\t\t\t<\/div>\n\t\t\t\t<div class=\"elementor-element elementor-element-bcf89a4 elementor-widget elementor-widget-text-editor\" data-id=\"bcf89a4\" data-element_type=\"widget\" data-e-type=\"widget\" data-widget_type=\"text-editor.default\">\n\t\t\t\t\t\t\t\t\t<p><em>Hinweis: Der gesch\u00fctzte Bereich dient der Bereitstellung qualitativ hochwertiger und zielgerichteter Inhalte f\u00fcr unsere Mitglieder.<\/em><\/p>\t\t\t\t\t\t\t\t<\/div>\n\t\t\t\t\t<\/div>\n\t\t\t\t<\/div>\n\t\t\t\t<\/div>","protected":false},"excerpt":{"rendered":"<p>Mitgliederbereich \u2013 Zugriff auf exklusive Inhalte Die folgenden Inhalte stehen ausschlie\u00dflich registrierten Mitgliedern zur Verf\u00fcgung. In diesem Bereich erhalten Sie vertiefende Informationen, fundiertes Wissen sowie praxisorientierte Inhalte, die \u00fcber die frei zug\u00e4nglichen Inhalte hinausgehen. Ihr Mehrwert als Mitglied: Detaillierte Fachinformationen und weiterf\u00fchrende Inhalte Strukturierte Handlungsempfehlungen und Best Practices Zugriff auf exklusive Dokumente und Ressourcen Kostenloser [&hellip;]<\/p>\n","protected":false},"author":2,"featured_media":26753,"parent":0,"menu_order":0,"comment_status":"closed","ping_status":"closed","template":"","meta":{"_acf_changed":false,"googlesitekit_rrm_CAowkvbCDA:productID":"","site-sidebar-layout":"no-sidebar","site-content-layout":"page-builder","ast-site-content-layout":"full-width-container","site-content-style":"default","site-sidebar-style":"default","ast-global-header-display":"","ast-banner-title-visibility":"","ast-main-header-display":"","ast-hfb-above-header-display":"","ast-hfb-below-header-display":"","ast-hfb-mobile-header-display":"","site-post-title":"disabled","ast-breadcrumbs-content":"","ast-featured-img":"disabled","footer-sml-layout":"","ast-disable-related-posts":"","theme-transparent-header-meta":"default","adv-header-id-meta":"","stick-header-meta":"","header-above-stick-meta":"","header-main-stick-meta":"","header-below-stick-meta":"","astra-migrate-meta-layouts":"set","ast-page-background-enabled":"default","ast-page-background-meta":{"desktop":{"background-color":"","background-image":"","background-repeat":"repeat","background-position":"center center","background-size":"auto","background-attachment":"scroll","background-type":"","background-media":"","overlay-type":"","overlay-color":"","overlay-opacity":"","overlay-gradient":""},"tablet":{"background-color":"","background-image":"","background-repeat":"repeat","background-position":"center center","background-size":"auto","background-attachment":"scroll","background-type":"","background-media":"","overlay-type":"","overlay-color":"","overlay-opacity":"","overlay-gradient":""},"mobile":{"background-color":"","background-image":"","background-repeat":"repeat","background-position":"center center","background-size":"auto","background-attachment":"scroll","background-type":"","background-media":"","overlay-type":"","overlay-color":"","overlay-opacity":"","overlay-gradient":""}},"ast-content-background-meta":{"desktop":{"background-color":"var(--ast-global-color-5)","background-image":"","background-repeat":"repeat","background-position":"center center","background-size":"auto","background-attachment":"scroll","background-type":"","background-media":"","overlay-type":"","overlay-color":"","overlay-opacity":"","overlay-gradient":""},"tablet":{"background-color":"var(--ast-global-color-5)","background-image":"","background-repeat":"repeat","background-position":"center center","background-size":"auto","background-attachment":"scroll","background-type":"","background-media":"","overlay-type":"","overlay-color":"","overlay-opacity":"","overlay-gradient":""},"mobile":{"background-color":"var(--ast-global-color-5)","background-image":"","background-repeat":"repeat","background-position":"center center","background-size":"auto","background-attachment":"scroll","background-type":"","background-media":"","overlay-type":"","overlay-color":"","overlay-opacity":"","overlay-gradient":""}},"footnotes":""},"class_list":["post-54966","page","type-page","status-publish","has-post-thumbnail","hentry"],"acf":[],"yoast_head":"<!-- This site is optimized with the Yoast SEO plugin v27.5 - https:\/\/yoast.com\/product\/yoast-seo-wordpress\/ -->\n<title>Mitgliederbereich \u2013 Zugriff auf exklusive Inhalte | Druckluft-Verzeichnis<\/title>\n<meta name=\"robots\" content=\"index, follow, max-snippet:-1, max-image-preview:large, max-video-preview:-1\" \/>\n<link rel=\"canonical\" href=\"https:\/\/druckluft-verzeichnis.de\/en\/gated-content\/\" \/>\n<meta property=\"og:locale\" content=\"en_GB\" \/>\n<meta property=\"og:type\" content=\"article\" \/>\n<meta property=\"og:title\" content=\"Mitgliederbereich \u2013 Zugriff auf exklusive Inhalte | Druckluft-Verzeichnis\" \/>\n<meta property=\"og:description\" content=\"Mitgliederbereich \u2013 Zugriff auf exklusive Inhalte Die folgenden Inhalte stehen ausschlie\u00dflich registrierten Mitgliedern zur Verf\u00fcgung. In diesem Bereich erhalten Sie vertiefende Informationen, fundiertes Wissen sowie praxisorientierte Inhalte, die \u00fcber die frei zug\u00e4nglichen Inhalte hinausgehen. Ihr Mehrwert als Mitglied: Detaillierte Fachinformationen und weiterf\u00fchrende Inhalte Strukturierte Handlungsempfehlungen und Best Practices Zugriff auf exklusive Dokumente und Ressourcen Kostenloser [&hellip;]\" \/>\n<meta property=\"og:url\" content=\"https:\/\/druckluft-verzeichnis.de\/en\/gated-content\/\" \/>\n<meta property=\"og:site_name\" content=\"Druckluft-Verzeichnis\" \/>\n<meta property=\"article:modified_time\" content=\"2026-04-11T06:48:53+00:00\" \/>\n<meta property=\"og:image\" content=\"https:\/\/druckluft-verzeichnis.de\/wp-content\/uploads\/blog-druckluft-1.webp\" \/>\n\t<meta property=\"og:image:width\" content=\"1200\" \/>\n\t<meta property=\"og:image:height\" content=\"630\" \/>\n\t<meta property=\"og:image:type\" content=\"image\/webp\" \/>\n<meta name=\"twitter:card\" content=\"summary_large_image\" \/>\n<meta name=\"twitter:label1\" content=\"Estimated reading time\" \/>\n\t<meta name=\"twitter:data1\" content=\"1 minute\" \/>\n<script type=\"application\/ld+json\" class=\"yoast-schema-graph\">{\"@context\":\"https:\\\/\\\/schema.org\",\"@graph\":[{\"@type\":\"TechArticle\",\"@id\":\"https:\\\/\\\/druckluft-verzeichnis.de\\\/gated-content\\\/#article\",\"isPartOf\":{\"@id\":\"https:\\\/\\\/druckluft-verzeichnis.de\\\/gated-content\\\/\"},\"author\":{\"name\":\"KompressorTeile24\",\"@id\":\"https:\\\/\\\/druckluft-verzeichnis.de\\\/#\\\/schema\\\/person\\\/c6efd3556741c4053ac9e05072b8aede\"},\"headline\":\"Mitgliederbereich \u2013 Zugriff auf exklusive Inhalte\",\"datePublished\":\"2026-04-11T06:01:15+00:00\",\"dateModified\":\"2026-04-11T06:48:53+00:00\",\"mainEntityOfPage\":{\"@id\":\"https:\\\/\\\/druckluft-verzeichnis.de\\\/gated-content\\\/\"},\"wordCount\":119,\"publisher\":{\"@id\":\"https:\\\/\\\/druckluft-verzeichnis.de\\\/#organization\"},\"image\":{\"@id\":\"https:\\\/\\\/druckluft-verzeichnis.de\\\/gated-content\\\/#primaryimage\"},\"thumbnailUrl\":\"https:\\\/\\\/druckluft-verzeichnis.de\\\/wp-content\\\/uploads\\\/blog-druckluft-1.webp\",\"inLanguage\":\"en-GB\"},{\"@type\":\"WebPage\",\"@id\":\"https:\\\/\\\/druckluft-verzeichnis.de\\\/gated-content\\\/\",\"url\":\"https:\\\/\\\/druckluft-verzeichnis.de\\\/gated-content\\\/\",\"name\":\"Mitgliederbereich \u2013 Zugriff auf exklusive Inhalte | Druckluft-Verzeichnis\",\"isPartOf\":{\"@id\":\"https:\\\/\\\/druckluft-verzeichnis.de\\\/#website\"},\"primaryImageOfPage\":{\"@id\":\"https:\\\/\\\/druckluft-verzeichnis.de\\\/gated-content\\\/#primaryimage\"},\"image\":{\"@id\":\"https:\\\/\\\/druckluft-verzeichnis.de\\\/gated-content\\\/#primaryimage\"},\"thumbnailUrl\":\"https:\\\/\\\/druckluft-verzeichnis.de\\\/wp-content\\\/uploads\\\/blog-druckluft-1.webp\",\"datePublished\":\"2026-04-11T06:01:15+00:00\",\"dateModified\":\"2026-04-11T06:48:53+00:00\",\"breadcrumb\":{\"@id\":\"https:\\\/\\\/druckluft-verzeichnis.de\\\/gated-content\\\/#breadcrumb\"},\"inLanguage\":\"en-GB\",\"potentialAction\":[{\"@type\":\"ReadAction\",\"target\":[\"https:\\\/\\\/druckluft-verzeichnis.de\\\/gated-content\\\/\"]}]},{\"@type\":\"ImageObject\",\"inLanguage\":\"en-GB\",\"@id\":\"https:\\\/\\\/druckluft-verzeichnis.de\\\/gated-content\\\/#primaryimage\",\"url\":\"https:\\\/\\\/druckluft-verzeichnis.de\\\/wp-content\\\/uploads\\\/blog-druckluft-1.webp\",\"contentUrl\":\"https:\\\/\\\/druckluft-verzeichnis.de\\\/wp-content\\\/uploads\\\/blog-druckluft-1.webp\",\"width\":1200,\"height\":630,\"caption\":\"Blog Druckluft und Kompressoren\"},{\"@type\":\"BreadcrumbList\",\"@id\":\"https:\\\/\\\/druckluft-verzeichnis.de\\\/gated-content\\\/#breadcrumb\",\"itemListElement\":[{\"@type\":\"ListItem\",\"position\":1,\"name\":\"Startseite\",\"item\":\"https:\\\/\\\/druckluft-verzeichnis.de\\\/\"},{\"@type\":\"ListItem\",\"position\":2,\"name\":\"Mitgliederbereich \u2013 Zugriff auf exklusive Inhalte\"}]},{\"@type\":\"WebSite\",\"@id\":\"https:\\\/\\\/druckluft-verzeichnis.de\\\/#website\",\"url\":\"https:\\\/\\\/druckluft-verzeichnis.de\\\/\",\"name\":\"Druckluft-Verzeichnis\",\"description\":\"\",\"publisher\":{\"@id\":\"https:\\\/\\\/druckluft-verzeichnis.de\\\/#organization\"},\"potentialAction\":[{\"@type\":\"SearchAction\",\"target\":{\"@type\":\"EntryPoint\",\"urlTemplate\":\"https:\\\/\\\/druckluft-verzeichnis.de\\\/?s={search_term_string}\"},\"query-input\":{\"@type\":\"PropertyValueSpecification\",\"valueRequired\":true,\"valueName\":\"search_term_string\"}}],\"inLanguage\":\"en-GB\"},{\"@type\":\"Organization\",\"@id\":\"https:\\\/\\\/druckluft-verzeichnis.de\\\/#organization\",\"name\":\"druckluft-verzeichnis.de\",\"url\":\"https:\\\/\\\/druckluft-verzeichnis.de\\\/\",\"logo\":{\"@type\":\"ImageObject\",\"inLanguage\":\"en-GB\",\"@id\":\"https:\\\/\\\/druckluft-verzeichnis.de\\\/#\\\/schema\\\/logo\\\/image\\\/\",\"url\":\"https:\\\/\\\/druckluft-verzeichnis.de\\\/wp-content\\\/uploads\\\/organisation-logo-druckluft-verzeichnis.png\",\"contentUrl\":\"https:\\\/\\\/druckluft-verzeichnis.de\\\/wp-content\\\/uploads\\\/organisation-logo-druckluft-verzeichnis.png\",\"width\":600,\"height\":600,\"caption\":\"druckluft-verzeichnis.de\"},\"image\":{\"@id\":\"https:\\\/\\\/druckluft-verzeichnis.de\\\/#\\\/schema\\\/logo\\\/image\\\/\"},\"sameAs\":[\"https:\\\/\\\/www.inkedin.com\\\/company\\\/druckluft-verzeichnis\\\/\"]},{\"@type\":\"Person\",\"@id\":\"https:\\\/\\\/druckluft-verzeichnis.de\\\/#\\\/schema\\\/person\\\/c6efd3556741c4053ac9e05072b8aede\",\"name\":\"KompressorTeile24\",\"image\":{\"@type\":\"ImageObject\",\"inLanguage\":\"en-GB\",\"@id\":\"https:\\\/\\\/druckluft-verzeichnis.de\\\/wp-content\\\/uploads\\\/2025\\\/07\\\/kompressorteile24_avatar-96x96.png\",\"url\":\"https:\\\/\\\/druckluft-verzeichnis.de\\\/wp-content\\\/uploads\\\/2025\\\/07\\\/kompressorteile24_avatar-96x96.png\",\"contentUrl\":\"https:\\\/\\\/druckluft-verzeichnis.de\\\/wp-content\\\/uploads\\\/2025\\\/07\\\/kompressorteile24_avatar-96x96.png\",\"caption\":\"KompressorTeile24\"}}]}<\/script>\n<!-- \/ Yoast SEO plugin. -->","yoast_head_json":{"title":"Mitgliederbereich \u2013 Zugriff auf exklusive Inhalte | Druckluft-Verzeichnis","robots":{"index":"index","follow":"follow","max-snippet":"max-snippet:-1","max-image-preview":"max-image-preview:large","max-video-preview":"max-video-preview:-1"},"canonical":"https:\/\/druckluft-verzeichnis.de\/en\/gated-content\/","og_locale":"en_GB","og_type":"article","og_title":"Mitgliederbereich \u2013 Zugriff auf exklusive Inhalte | Druckluft-Verzeichnis","og_description":"Mitgliederbereich \u2013 Zugriff auf exklusive Inhalte Die folgenden Inhalte stehen ausschlie\u00dflich registrierten Mitgliedern zur Verf\u00fcgung. In diesem Bereich erhalten Sie vertiefende Informationen, fundiertes Wissen sowie praxisorientierte Inhalte, die \u00fcber die frei zug\u00e4nglichen Inhalte hinausgehen. Ihr Mehrwert als Mitglied: Detaillierte Fachinformationen und weiterf\u00fchrende Inhalte Strukturierte Handlungsempfehlungen und Best Practices Zugriff auf exklusive Dokumente und Ressourcen Kostenloser [&hellip;]","og_url":"https:\/\/druckluft-verzeichnis.de\/en\/gated-content\/","og_site_name":"Druckluft-Verzeichnis","article_modified_time":"2026-04-11T06:48:53+00:00","og_image":[{"width":1200,"height":630,"url":"https:\/\/druckluft-verzeichnis.de\/wp-content\/uploads\/blog-druckluft-1.webp","type":"image\/webp"}],"twitter_card":"summary_large_image","twitter_misc":{"Estimated reading time":"1 minute"},"schema":{"@context":"https:\/\/schema.org","@graph":[{"@type":"TechArticle","@id":"https:\/\/druckluft-verzeichnis.de\/gated-content\/#article","isPartOf":{"@id":"https:\/\/druckluft-verzeichnis.de\/gated-content\/"},"author":{"name":"KompressorTeile24","@id":"https:\/\/druckluft-verzeichnis.de\/#\/schema\/person\/c6efd3556741c4053ac9e05072b8aede"},"headline":"Mitgliederbereich \u2013 Zugriff auf exklusive Inhalte","datePublished":"2026-04-11T06:01:15+00:00","dateModified":"2026-04-11T06:48:53+00:00","mainEntityOfPage":{"@id":"https:\/\/druckluft-verzeichnis.de\/gated-content\/"},"wordCount":119,"publisher":{"@id":"https:\/\/druckluft-verzeichnis.de\/#organization"},"image":{"@id":"https:\/\/druckluft-verzeichnis.de\/gated-content\/#primaryimage"},"thumbnailUrl":"https:\/\/druckluft-verzeichnis.de\/wp-content\/uploads\/blog-druckluft-1.webp","inLanguage":"en-GB"},{"@type":"WebPage","@id":"https:\/\/druckluft-verzeichnis.de\/gated-content\/","url":"https:\/\/druckluft-verzeichnis.de\/gated-content\/","name":"Mitgliederbereich \u2013 Zugriff auf exklusive Inhalte | Druckluft-Verzeichnis","isPartOf":{"@id":"https:\/\/druckluft-verzeichnis.de\/#website"},"primaryImageOfPage":{"@id":"https:\/\/druckluft-verzeichnis.de\/gated-content\/#primaryimage"},"image":{"@id":"https:\/\/druckluft-verzeichnis.de\/gated-content\/#primaryimage"},"thumbnailUrl":"https:\/\/druckluft-verzeichnis.de\/wp-content\/uploads\/blog-druckluft-1.webp","datePublished":"2026-04-11T06:01:15+00:00","dateModified":"2026-04-11T06:48:53+00:00","breadcrumb":{"@id":"https:\/\/druckluft-verzeichnis.de\/gated-content\/#breadcrumb"},"inLanguage":"en-GB","potentialAction":[{"@type":"ReadAction","target":["https:\/\/druckluft-verzeichnis.de\/gated-content\/"]}]},{"@type":"ImageObject","inLanguage":"en-GB","@id":"https:\/\/druckluft-verzeichnis.de\/gated-content\/#primaryimage","url":"https:\/\/druckluft-verzeichnis.de\/wp-content\/uploads\/blog-druckluft-1.webp","contentUrl":"https:\/\/druckluft-verzeichnis.de\/wp-content\/uploads\/blog-druckluft-1.webp","width":1200,"height":630,"caption":"Blog Druckluft und Kompressoren"},{"@type":"BreadcrumbList","@id":"https:\/\/druckluft-verzeichnis.de\/gated-content\/#breadcrumb","itemListElement":[{"@type":"ListItem","position":1,"name":"Startseite","item":"https:\/\/druckluft-verzeichnis.de\/"},{"@type":"ListItem","position":2,"name":"Mitgliederbereich \u2013 Zugriff auf exklusive Inhalte"}]},{"@type":"WebSite","@id":"https:\/\/druckluft-verzeichnis.de\/#website","url":"https:\/\/druckluft-verzeichnis.de\/","name":"Druckluft-Verzeichnis","description":"","publisher":{"@id":"https:\/\/druckluft-verzeichnis.de\/#organization"},"potentialAction":[{"@type":"SearchAction","target":{"@type":"EntryPoint","urlTemplate":"https:\/\/druckluft-verzeichnis.de\/?s={search_term_string}"},"query-input":{"@type":"PropertyValueSpecification","valueRequired":true,"valueName":"search_term_string"}}],"inLanguage":"en-GB"},{"@type":"Organization","@id":"https:\/\/druckluft-verzeichnis.de\/#organization","name":"druckluft-verzeichnis.de","url":"https:\/\/druckluft-verzeichnis.de\/","logo":{"@type":"ImageObject","inLanguage":"en-GB","@id":"https:\/\/druckluft-verzeichnis.de\/#\/schema\/logo\/image\/","url":"https:\/\/druckluft-verzeichnis.de\/wp-content\/uploads\/organisation-logo-druckluft-verzeichnis.png","contentUrl":"https:\/\/druckluft-verzeichnis.de\/wp-content\/uploads\/organisation-logo-druckluft-verzeichnis.png","width":600,"height":600,"caption":"druckluft-verzeichnis.de"},"image":{"@id":"https:\/\/druckluft-verzeichnis.de\/#\/schema\/logo\/image\/"},"sameAs":["https:\/\/www.inkedin.com\/company\/druckluft-verzeichnis\/"]},{"@type":"Person","@id":"https:\/\/druckluft-verzeichnis.de\/#\/schema\/person\/c6efd3556741c4053ac9e05072b8aede","name":"KompressorTeile24","image":{"@type":"ImageObject","inLanguage":"en-GB","@id":"https:\/\/druckluft-verzeichnis.de\/wp-content\/uploads\/2025\/07\/kompressorteile24_avatar-96x96.png","url":"https:\/\/druckluft-verzeichnis.de\/wp-content\/uploads\/2025\/07\/kompressorteile24_avatar-96x96.png","contentUrl":"https:\/\/druckluft-verzeichnis.de\/wp-content\/uploads\/2025\/07\/kompressorteile24_avatar-96x96.png","caption":"KompressorTeile24"}}]}},"_links":{"self":[{"href":"https:\/\/druckluft-verzeichnis.de\/en\/wp-json\/wp\/v2\/pages\/54966","targetHints":{"allow":["GET"]}}],"collection":[{"href":"https:\/\/druckluft-verzeichnis.de\/en\/wp-json\/wp\/v2\/pages"}],"about":[{"href":"https:\/\/druckluft-verzeichnis.de\/en\/wp-json\/wp\/v2\/types\/page"}],"author":[{"embeddable":true,"href":"https:\/\/druckluft-verzeichnis.de\/en\/wp-json\/wp\/v2\/users\/2"}],"replies":[{"embeddable":true,"href":"https:\/\/druckluft-verzeichnis.de\/en\/wp-json\/wp\/v2\/comments?post=54966"}],"version-history":[{"count":1,"href":"https:\/\/druckluft-verzeichnis.de\/en\/wp-json\/wp\/v2\/pages\/54966\/revisions"}],"predecessor-version":[{"id":55211,"href":"https:\/\/druckluft-verzeichnis.de\/en\/wp-json\/wp\/v2\/pages\/54966\/revisions\/55211"}],"wp:featuredmedia":[{"embeddable":true,"href":"https:\/\/druckluft-verzeichnis.de\/en\/wp-json\/wp\/v2\/media\/26753"}],"wp:attachment":[{"href":"https:\/\/druckluft-verzeichnis.de\/en\/wp-json\/wp\/v2\/media?parent=54966"}],"curies":[{"name":"wp","href":"https:\/\/api.w.org\/{rel}","templated":true}]}}