{"id":46571,"date":"2025-11-10T14:56:18","date_gmt":"2025-11-10T13:56:18","guid":{"rendered":"https:\/\/druckluft-verzeichnis.de\/?page_id=46571"},"modified":"2026-02-05T10:33:39","modified_gmt":"2026-02-05T09:33:39","slug":"ueber-uns","status":"publish","type":"page","link":"https:\/\/druckluft-verzeichnis.de\/en\/ueber-uns\/","title":{"rendered":"\u00dcber uns: Das Druckluft-Verzeichnis \u2013 Expertise trifft auf Vernetzung"},"content":{"rendered":"<div data-elementor-type=\"wp-page\" data-elementor-id=\"46571\" class=\"elementor elementor-46571\" data-elementor-settings=\"{&quot;ha_cmc_init_switcher&quot;:&quot;no&quot;}\" data-elementor-post-type=\"page\">\n\t\t\t\t<div class=\"elementor-element elementor-element-718fa45 e-con-full e-flex e-con e-parent\" data-id=\"718fa45\" data-element_type=\"container\" data-e-type=\"container\" data-settings=\"{&quot;background_background&quot;:&quot;classic&quot;,&quot;_ha_eqh_enable&quot;:false}\">\n\t\t<div class=\"elementor-element elementor-element-2bf4c4b e-con-full e-flex e-con e-child\" data-id=\"2bf4c4b\" data-element_type=\"container\" data-e-type=\"container\" data-settings=\"{&quot;_ha_eqh_enable&quot;:false}\">\n\t\t\t\t<div class=\"elementor-element elementor-element-62bd013 elementor-widget elementor-widget-heading\" data-id=\"62bd013\" data-element_type=\"widget\" data-e-type=\"widget\" data-widget_type=\"heading.default\">\n\t\t\t\t\t<h1 class=\"elementor-heading-title elementor-size-default\">\u00dcber Druckluft-Verzeichnis: Ihr unabh\u00e4ngiges Portal f\u00fcr Drucklufttechnik<\/h1>\t\t\t\t<\/div>\n\t\t\t\t<div class=\"elementor-element elementor-element-35f486f elementor-align-center elementor-mobile-align-center elementor-widget elementor-widget-button\" data-id=\"35f486f\" data-element_type=\"widget\" data-e-type=\"widget\" data-widget_type=\"button.default\">\n\t\t\t\t\t\t\t\t\t\t<a class=\"elementor-button elementor-button-link elementor-size-xl\" href=\"https:\/\/druckluft-verzeichnis.de\/en\/registrieren\/\">\n\t\t\t\t\t\t<span class=\"elementor-button-content-wrapper\">\n\t\t\t\t\t\t\t\t\t<span class=\"elementor-button-text\">Jetzt Unternehmen eintragen<\/span>\n\t\t\t\t\t<\/span>\n\t\t\t\t\t<\/a>\n\t\t\t\t\t\t\t\t<\/div>\n\t\t\t\t<\/div>\n\t\t\t\t<\/div>\n\t\t<div class=\"elementor-element elementor-element-69caad1 e-con-full e-flex e-con e-parent\" data-id=\"69caad1\" data-element_type=\"container\" data-e-type=\"container\" data-settings=\"{&quot;_ha_eqh_enable&quot;:false}\">\n\t\t<div class=\"elementor-element elementor-element-061cd5d e-con-full e-flex e-con e-child\" data-id=\"061cd5d\" data-element_type=\"container\" data-e-type=\"container\" data-settings=\"{&quot;_ha_eqh_enable&quot;:false}\">\n\t\t\t\t<div class=\"elementor-element elementor-element-e8a5dde elementor-widget elementor-widget-heading\" data-id=\"e8a5dde\" data-element_type=\"widget\" data-e-type=\"widget\" data-widget_type=\"heading.default\">\n\t\t\t\t\t<h2 class=\"elementor-heading-title elementor-size-default\">Unsere Mission<\/h2>\t\t\t\t<\/div>\n\t\t\t\t<div class=\"elementor-element elementor-element-7425806 elementor-widget elementor-widget-heading\" data-id=\"7425806\" data-element_type=\"widget\" data-e-type=\"widget\" data-widget_type=\"heading.default\">\n\t\t\t\t\t<h3 class=\"elementor-heading-title elementor-size-default\">Transparenz und Effizienz in der Drucklufttechnik<\/h3>\t\t\t\t<\/div>\n\t\t\t\t<div class=\"elementor-element elementor-element-1ddd500 elementor-widget elementor-widget-text-editor\" data-id=\"1ddd500\" data-element_type=\"widget\" data-e-type=\"widget\" data-widget_type=\"text-editor.default\">\n\t\t\t\t\t\t\t\t\t<p>Das <strong>Druckluft-Verzeichnis<\/strong> wurde aus einer klaren Notwendigkeit heraus gegr\u00fcndet: Die Druckluftbranche ist komplex, aber die Suche nach dem richtigen Partner oder fundiertem Fachwissen muss es nicht sein. Unsere Mission ist es, die <strong>zentrale, vertrauensw\u00fcrdige Plattform<\/strong> f\u00fcr alle Akteure der <a href=\"https:\/\/druckluft-verzeichnis.de\/en\/drucklufttechnik-stuttgart\/\">Drucklufttechnik<\/a> in Deutschland zu sein.<\/p><p>Wir bringen zusammen, was zusammengeh\u00f6rt: <strong>Gepr\u00fcfte <a href=\"https:\/\/druckluft-verzeichnis.de\/en\/haendler-drucklufttechnik\/\">H\u00e4ndler<\/a> und Hersteller<\/strong> finden hier ihre Zielgruppe, w\u00e4hrend <strong>Techniker, Eink\u00e4ufer und Handwerker<\/strong> schnell und effizient den passenden Partner sowie das notwendige Expertenwissen finden.<\/p>\t\t\t\t\t\t\t\t<\/div>\n\t\t\t\t<\/div>\n\t\t<div class=\"elementor-element elementor-element-45371b7 e-con-full e-flex e-con e-child\" data-id=\"45371b7\" data-element_type=\"container\" data-e-type=\"container\" data-settings=\"{&quot;_ha_eqh_enable&quot;:false}\">\n\t\t\t\t<\/div>\n\t\t\t\t<\/div>\n\t\t<div class=\"elementor-element elementor-element-9167d68 e-con-full e-flex e-con e-parent\" data-id=\"9167d68\" data-element_type=\"container\" data-e-type=\"container\" data-settings=\"{&quot;_ha_eqh_enable&quot;:false}\">\n\t\t<div class=\"elementor-element elementor-element-519dd7e e-con-full e-flex e-con e-child\" data-id=\"519dd7e\" data-element_type=\"container\" data-e-type=\"container\" data-settings=\"{&quot;_ha_eqh_enable&quot;:false}\">\n\t\t\t\t<div class=\"elementor-element elementor-element-00ab6bd elementor-widget elementor-widget-heading\" data-id=\"00ab6bd\" data-element_type=\"widget\" data-e-type=\"widget\" data-widget_type=\"heading.default\">\n\t\t\t\t\t<h2 class=\"elementor-heading-title elementor-size-default\">Expertise<\/h2>\t\t\t\t<\/div>\n\t\t\t\t<div class=\"elementor-element elementor-element-b94d054 elementor-widget elementor-widget-heading\" data-id=\"b94d054\" data-element_type=\"widget\" data-e-type=\"widget\" data-widget_type=\"heading.default\">\n\t\t\t\t\t<h3 class=\"elementor-heading-title elementor-size-default\">Fundiertes Fachwissen aus der Praxis<\/h3>\t\t\t\t<\/div>\n\t\t\t\t<div class=\"elementor-element elementor-element-cad49fe elementor-widget elementor-widget-text-editor\" data-id=\"cad49fe\" data-element_type=\"widget\" data-e-type=\"widget\" data-widget_type=\"text-editor.default\">\n\t\t\t\t\t\t\t\t\t<p>Unsere St\u00e4rke liegt in der tiefen <strong>Expertise<\/strong> im Bereich der Drucklufttechnik. Im Gegensatz zu allgemeinen Branchenverzeichnissen bieten wir:<\/p><ul><li><strong>Fachlich fundierter <a href=\"https:\/\/druckluft-verzeichnis.de\/en\/blog\/\">Blog<\/a>:<\/strong> Unsere Artikel werden von erfahrenen Ingenieuren und Technikern verfasst, die seit Jahren in der Druckluftbranche t\u00e4tig sind. Wir garantieren <strong>neutrale, praxisnahe und verst\u00e4ndliche<\/strong> Erkl\u00e4rungen zu komplexen Themen wie <a href=\"https:\/\/druckluft-verzeichnis.de\/en\/veranstaltungen\/\">Kompressoren<\/a>, Wartung und Energieeffizienz.<\/li><li><strong>Erprobte <a href=\"https:\/\/druckluft-verzeichnis.de\/en\/blog\/kosten-druckluft-rechner\/\">Calculation tools<\/a>:<\/strong> Unsere interaktiven <a href=\"https:\/\/druckluft-verzeichnis.de\/en\/blog\/druckluftverbrauch-berechnen\/\">Tools<\/a> (z.B. Leckage-Kostenrechner, Energiekosten-Simulator) basieren auf realen Formeln und langj\u00e4hriger <strong>Experience<\/strong>. Sie liefern sofort anwendbare Ergebnisse, die zur Optimierung Ihrer Anlagen beitragen.<\/li><\/ul>\t\t\t\t\t\t\t\t<\/div>\n\t\t\t\t<\/div>\n\t\t<div class=\"elementor-element elementor-element-b630408 e-con-full e-flex e-con e-child\" data-id=\"b630408\" data-element_type=\"container\" data-e-type=\"container\" data-settings=\"{&quot;_ha_eqh_enable&quot;:false}\">\n\t\t\t\t<\/div>\n\t\t\t\t<\/div>\n\t\t<div class=\"elementor-element elementor-element-b988b68 e-con-full e-flex e-con e-parent\" data-id=\"b988b68\" data-element_type=\"container\" data-e-type=\"container\" data-settings=\"{&quot;_ha_eqh_enable&quot;:false}\">\n\t\t<div class=\"elementor-element elementor-element-4e65a84 e-con-full e-flex e-con e-child\" data-id=\"4e65a84\" data-element_type=\"container\" data-e-type=\"container\" data-settings=\"{&quot;_ha_eqh_enable&quot;:false}\">\n\t\t\t\t<div class=\"elementor-element elementor-element-d0829e1 elementor-widget elementor-widget-heading\" data-id=\"d0829e1\" data-element_type=\"widget\" data-e-type=\"widget\" data-widget_type=\"heading.default\">\n\t\t\t\t\t<h2 class=\"elementor-heading-title elementor-size-default\">Unser Versprechen an H\u00e4ndler und Hersteller<\/h2>\t\t\t\t<\/div>\n\t\t\t\t<div class=\"elementor-element elementor-element-c2cf74f elementor-widget elementor-widget-text-editor\" data-id=\"c2cf74f\" data-element_type=\"widget\" data-e-type=\"widget\" data-widget_type=\"text-editor.default\">\n\t\t\t\t\t\t\t\t\t<p>Wir sind Ihr Partner f\u00fcr nachhaltiges Wachstum. Ein Eintrag im <strong>Druckluft-Verzeichnis<\/strong> bedeutet:<\/p><ul><li><strong>Gezielte Sichtbarkeit:<\/strong> Sie erreichen direkt Ihre Zielgruppe \u2013 Kunden und Eink\u00e4ufer, die aktiv nach L\u00f6sungen und Produkten suchen.<\/li><li><strong>Transfer von Autorit\u00e4t:<\/strong> Profitieren Sie von der hohen <strong>Authoritativeness<\/strong> unserer Plattform. Ihre Listung wird im Kontext von gepr\u00fcftem Fachwissen pr\u00e4sentiert.<\/li><li><strong>Einfache Akquise:<\/strong> Wir bieten Ihnen eine effiziente Plattform, um neue Kundenkontakte zu generieren und Ihre <strong>Expertise<\/strong> durch Ihren Eintrag zu demonstrieren.<\/li><\/ul><p><strong>Werden Sie Teil der f\u00fchrenden Plattform f\u00fcr Drucklufttechnik in Deutschland.<\/strong><\/p><p><a href=\"https:\/\/druckluft-verzeichnis.de\/en\/registrieren\/\"><strong>Jetzt Unternehmen eintragen<\/strong><\/a><\/p><p><a href=\"https:\/\/druckluft-verzeichnis.de\/en\/preise-mitgliedschaften\/\"><strong>Preise &amp; Mitgliedschaften<\/strong><\/a><\/p>\t\t\t\t\t\t\t\t<\/div>\n\t\t\t\t<\/div>\n\t\t<div class=\"elementor-element elementor-element-e27867b e-con-full e-flex e-con e-child\" data-id=\"e27867b\" data-element_type=\"container\" data-e-type=\"container\" data-settings=\"{&quot;_ha_eqh_enable&quot;:false}\">\n\t\t\t\t<\/div>\n\t\t\t\t<\/div>\n\t\t\t\t<\/div>","protected":false},"excerpt":{"rendered":"<p>\u00dcber Druckluft-Verzeichnis: Ihr unabh\u00e4ngiges Portal f\u00fcr Drucklufttechnik Jetzt Unternehmen eintragen Unsere Mission Transparenz und Effizienz in der Drucklufttechnik Das Druckluft-Verzeichnis wurde aus einer klaren Notwendigkeit heraus gegr\u00fcndet: Die Druckluftbranche ist komplex, aber die Suche nach dem richtigen Partner oder fundiertem Fachwissen muss es nicht sein. Unsere Mission ist es, die zentrale, vertrauensw\u00fcrdige Plattform f\u00fcr alle [&hellip;]<\/p>\n","protected":false},"author":2,"featured_media":26753,"parent":0,"menu_order":0,"comment_status":"closed","ping_status":"closed","template":"elementor_header_footer","meta":{"_acf_changed":false,"googlesitekit_rrm_CAowkvbCDA:productID":"","site-sidebar-layout":"no-sidebar","site-content-layout":"page-builder","ast-site-content-layout":"full-width-container","site-content-style":"default","site-sidebar-style":"default","ast-global-header-display":"","ast-banner-title-visibility":"","ast-main-header-display":"","ast-hfb-above-header-display":"","ast-hfb-below-header-display":"","ast-hfb-mobile-header-display":"","site-post-title":"disabled","ast-breadcrumbs-content":"","ast-featured-img":"disabled","footer-sml-layout":"","ast-disable-related-posts":"","theme-transparent-header-meta":"default","adv-header-id-meta":"","stick-header-meta":"","header-above-stick-meta":"","header-main-stick-meta":"","header-below-stick-meta":"","astra-migrate-meta-layouts":"set","ast-page-background-enabled":"default","ast-page-background-meta":{"desktop":{"background-color":"","background-image":"","background-repeat":"repeat","background-position":"center center","background-size":"auto","background-attachment":"scroll","background-type":"","background-media":"","overlay-type":"","overlay-color":"","overlay-opacity":"","overlay-gradient":""},"tablet":{"background-color":"","background-image":"","background-repeat":"repeat","background-position":"center center","background-size":"auto","background-attachment":"scroll","background-type":"","background-media":"","overlay-type":"","overlay-color":"","overlay-opacity":"","overlay-gradient":""},"mobile":{"background-color":"","background-image":"","background-repeat":"repeat","background-position":"center center","background-size":"auto","background-attachment":"scroll","background-type":"","background-media":"","overlay-type":"","overlay-color":"","overlay-opacity":"","overlay-gradient":""}},"ast-content-background-meta":{"desktop":{"background-color":"var(--ast-global-color-5)","background-image":"","background-repeat":"repeat","background-position":"center center","background-size":"auto","background-attachment":"scroll","background-type":"","background-media":"","overlay-type":"","overlay-color":"","overlay-opacity":"","overlay-gradient":""},"tablet":{"background-color":"var(--ast-global-color-5)","background-image":"","background-repeat":"repeat","background-position":"center center","background-size":"auto","background-attachment":"scroll","background-type":"","background-media":"","overlay-type":"","overlay-color":"","overlay-opacity":"","overlay-gradient":""},"mobile":{"background-color":"var(--ast-global-color-5)","background-image":"","background-repeat":"repeat","background-position":"center center","background-size":"auto","background-attachment":"scroll","background-type":"","background-media":"","overlay-type":"","overlay-color":"","overlay-opacity":"","overlay-gradient":""}},"footnotes":""},"class_list":["post-46571","page","type-page","status-publish","has-post-thumbnail","hentry"],"acf":[],"yoast_head":"<!-- This site is optimized with the Yoast SEO plugin v27.4 - https:\/\/yoast.com\/product\/yoast-seo-wordpress\/ -->\n<title>\u00dcber uns: Druckluft-Expertise, Team &amp; Mission des Verzeichnisses<\/title>\n<meta name=\"description\" content=\"Lernen Sie das Team hinter dem Druckluft-Verzeichnis kennen. Wir sind Fachleute mit langj\u00e4hriger Erfahrung in der Kompressoren- und Drucklufttechnik.\" \/>\n<meta name=\"robots\" content=\"index, follow, max-snippet:-1, max-image-preview:large, max-video-preview:-1\" \/>\n<link rel=\"canonical\" href=\"https:\/\/druckluft-verzeichnis.de\/en\/ueber-uns\/\" \/>\n<meta property=\"og:locale\" content=\"en_GB\" \/>\n<meta property=\"og:type\" content=\"article\" \/>\n<meta property=\"og:title\" content=\"\u00dcber uns: Druckluft-Expertise, Team &amp; Mission des Verzeichnisses\" \/>\n<meta property=\"og:description\" content=\"Lernen Sie das Team hinter dem Druckluft-Verzeichnis kennen. Wir sind Fachleute mit langj\u00e4hriger Erfahrung in der Kompressoren- und Drucklufttechnik.\" \/>\n<meta property=\"og:url\" content=\"https:\/\/druckluft-verzeichnis.de\/en\/ueber-uns\/\" \/>\n<meta property=\"og:site_name\" content=\"Druckluft-Verzeichnis\" \/>\n<meta property=\"article:modified_time\" content=\"2026-02-05T09:33:39+00:00\" \/>\n<meta property=\"og:image\" content=\"https:\/\/druckluft-verzeichnis.de\/wp-content\/uploads\/blog-druckluft-1.webp\" \/>\n\t<meta property=\"og:image:width\" content=\"1200\" \/>\n\t<meta property=\"og:image:height\" content=\"630\" \/>\n\t<meta property=\"og:image:type\" content=\"image\/webp\" \/>\n<meta name=\"twitter:card\" content=\"summary_large_image\" \/>\n<meta name=\"twitter:label1\" content=\"Estimated reading time\" \/>\n\t<meta name=\"twitter:data1\" content=\"2 minutes\" \/>\n<script type=\"application\/ld+json\" class=\"yoast-schema-graph\">{\"@context\":\"https:\\\/\\\/schema.org\",\"@graph\":[{\"@type\":\"TechArticle\",\"@id\":\"https:\\\/\\\/druckluft-verzeichnis.de\\\/ueber-uns\\\/#article\",\"isPartOf\":{\"@id\":\"https:\\\/\\\/druckluft-verzeichnis.de\\\/ueber-uns\\\/\"},\"author\":{\"name\":\"KompressorTeile24\",\"@id\":\"https:\\\/\\\/druckluft-verzeichnis.de\\\/#\\\/schema\\\/person\\\/c6efd3556741c4053ac9e05072b8aede\"},\"headline\":\"\u00dcber uns: Das Druckluft-Verzeichnis \u2013 Expertise trifft auf Vernetzung\",\"datePublished\":\"2025-11-10T13:56:18+00:00\",\"dateModified\":\"2026-02-05T09:33:39+00:00\",\"mainEntityOfPage\":{\"@id\":\"https:\\\/\\\/druckluft-verzeichnis.de\\\/ueber-uns\\\/\"},\"wordCount\":301,\"publisher\":{\"@id\":\"https:\\\/\\\/druckluft-verzeichnis.de\\\/#organization\"},\"image\":{\"@id\":\"https:\\\/\\\/druckluft-verzeichnis.de\\\/ueber-uns\\\/#primaryimage\"},\"thumbnailUrl\":\"https:\\\/\\\/druckluft-verzeichnis.de\\\/wp-content\\\/uploads\\\/blog-druckluft-1.webp\",\"inLanguage\":\"en-GB\"},{\"@type\":\"WebPage\",\"@id\":\"https:\\\/\\\/druckluft-verzeichnis.de\\\/ueber-uns\\\/\",\"url\":\"https:\\\/\\\/druckluft-verzeichnis.de\\\/ueber-uns\\\/\",\"name\":\"\u00dcber uns: Druckluft-Expertise, Team & Mission des Verzeichnisses\",\"isPartOf\":{\"@id\":\"https:\\\/\\\/druckluft-verzeichnis.de\\\/#website\"},\"primaryImageOfPage\":{\"@id\":\"https:\\\/\\\/druckluft-verzeichnis.de\\\/ueber-uns\\\/#primaryimage\"},\"image\":{\"@id\":\"https:\\\/\\\/druckluft-verzeichnis.de\\\/ueber-uns\\\/#primaryimage\"},\"thumbnailUrl\":\"https:\\\/\\\/druckluft-verzeichnis.de\\\/wp-content\\\/uploads\\\/blog-druckluft-1.webp\",\"datePublished\":\"2025-11-10T13:56:18+00:00\",\"dateModified\":\"2026-02-05T09:33:39+00:00\",\"description\":\"Lernen Sie das Team hinter dem Druckluft-Verzeichnis kennen. Wir sind Fachleute mit langj\u00e4hriger Erfahrung in der Kompressoren- und Drucklufttechnik.\",\"breadcrumb\":{\"@id\":\"https:\\\/\\\/druckluft-verzeichnis.de\\\/ueber-uns\\\/#breadcrumb\"},\"inLanguage\":\"en-GB\",\"potentialAction\":[{\"@type\":\"ReadAction\",\"target\":[\"https:\\\/\\\/druckluft-verzeichnis.de\\\/ueber-uns\\\/\"]}]},{\"@type\":\"ImageObject\",\"inLanguage\":\"en-GB\",\"@id\":\"https:\\\/\\\/druckluft-verzeichnis.de\\\/ueber-uns\\\/#primaryimage\",\"url\":\"https:\\\/\\\/druckluft-verzeichnis.de\\\/wp-content\\\/uploads\\\/blog-druckluft-1.webp\",\"contentUrl\":\"https:\\\/\\\/druckluft-verzeichnis.de\\\/wp-content\\\/uploads\\\/blog-druckluft-1.webp\",\"width\":1200,\"height\":630,\"caption\":\"Blog Druckluft und Kompressoren\"},{\"@type\":\"BreadcrumbList\",\"@id\":\"https:\\\/\\\/druckluft-verzeichnis.de\\\/ueber-uns\\\/#breadcrumb\",\"itemListElement\":[{\"@type\":\"ListItem\",\"position\":1,\"name\":\"Startseite\",\"item\":\"https:\\\/\\\/druckluft-verzeichnis.de\\\/\"},{\"@type\":\"ListItem\",\"position\":2,\"name\":\"\u00dcber uns: Das Druckluft-Verzeichnis \u2013 Expertise trifft auf Vernetzung\"}]},{\"@type\":\"WebSite\",\"@id\":\"https:\\\/\\\/druckluft-verzeichnis.de\\\/#website\",\"url\":\"https:\\\/\\\/druckluft-verzeichnis.de\\\/\",\"name\":\"Druckluft-Verzeichnis\",\"description\":\"\",\"publisher\":{\"@id\":\"https:\\\/\\\/druckluft-verzeichnis.de\\\/#organization\"},\"potentialAction\":[{\"@type\":\"SearchAction\",\"target\":{\"@type\":\"EntryPoint\",\"urlTemplate\":\"https:\\\/\\\/druckluft-verzeichnis.de\\\/?s={search_term_string}\"},\"query-input\":{\"@type\":\"PropertyValueSpecification\",\"valueRequired\":true,\"valueName\":\"search_term_string\"}}],\"inLanguage\":\"en-GB\"},{\"@type\":\"Organization\",\"@id\":\"https:\\\/\\\/druckluft-verzeichnis.de\\\/#organization\",\"name\":\"druckluft-verzeichnis.de\",\"url\":\"https:\\\/\\\/druckluft-verzeichnis.de\\\/\",\"logo\":{\"@type\":\"ImageObject\",\"inLanguage\":\"en-GB\",\"@id\":\"https:\\\/\\\/druckluft-verzeichnis.de\\\/#\\\/schema\\\/logo\\\/image\\\/\",\"url\":\"https:\\\/\\\/druckluft-verzeichnis.de\\\/wp-content\\\/uploads\\\/organisation-logo-druckluft-verzeichnis.png\",\"contentUrl\":\"https:\\\/\\\/druckluft-verzeichnis.de\\\/wp-content\\\/uploads\\\/organisation-logo-druckluft-verzeichnis.png\",\"width\":600,\"height\":600,\"caption\":\"druckluft-verzeichnis.de\"},\"image\":{\"@id\":\"https:\\\/\\\/druckluft-verzeichnis.de\\\/#\\\/schema\\\/logo\\\/image\\\/\"},\"sameAs\":[\"https:\\\/\\\/www.inkedin.com\\\/company\\\/druckluft-verzeichnis\\\/\"]},{\"@type\":\"Person\",\"@id\":\"https:\\\/\\\/druckluft-verzeichnis.de\\\/#\\\/schema\\\/person\\\/c6efd3556741c4053ac9e05072b8aede\",\"name\":\"KompressorTeile24\",\"image\":{\"@type\":\"ImageObject\",\"inLanguage\":\"en-GB\",\"@id\":\"https:\\\/\\\/druckluft-verzeichnis.de\\\/wp-content\\\/uploads\\\/2025\\\/07\\\/kompressorteile24_avatar-96x96.png\",\"url\":\"https:\\\/\\\/druckluft-verzeichnis.de\\\/wp-content\\\/uploads\\\/2025\\\/07\\\/kompressorteile24_avatar-96x96.png\",\"contentUrl\":\"https:\\\/\\\/druckluft-verzeichnis.de\\\/wp-content\\\/uploads\\\/2025\\\/07\\\/kompressorteile24_avatar-96x96.png\",\"caption\":\"KompressorTeile24\"}}]}<\/script>\n<!-- \/ Yoast SEO plugin. -->","yoast_head_json":{"title":"\u00dcber uns: Druckluft-Expertise, Team & Mission des Verzeichnisses","description":"Lernen Sie das Team hinter dem Druckluft-Verzeichnis kennen. Wir sind Fachleute mit langj\u00e4hriger Erfahrung in der Kompressoren- und Drucklufttechnik.","robots":{"index":"index","follow":"follow","max-snippet":"max-snippet:-1","max-image-preview":"max-image-preview:large","max-video-preview":"max-video-preview:-1"},"canonical":"https:\/\/druckluft-verzeichnis.de\/en\/ueber-uns\/","og_locale":"en_GB","og_type":"article","og_title":"\u00dcber uns: Druckluft-Expertise, Team & Mission des Verzeichnisses","og_description":"Lernen Sie das Team hinter dem Druckluft-Verzeichnis kennen. Wir sind Fachleute mit langj\u00e4hriger Erfahrung in der Kompressoren- und Drucklufttechnik.","og_url":"https:\/\/druckluft-verzeichnis.de\/en\/ueber-uns\/","og_site_name":"Druckluft-Verzeichnis","article_modified_time":"2026-02-05T09:33:39+00:00","og_image":[{"width":1200,"height":630,"url":"https:\/\/druckluft-verzeichnis.de\/wp-content\/uploads\/blog-druckluft-1.webp","type":"image\/webp"}],"twitter_card":"summary_large_image","twitter_misc":{"Estimated reading time":"2 minutes"},"schema":{"@context":"https:\/\/schema.org","@graph":[{"@type":"TechArticle","@id":"https:\/\/druckluft-verzeichnis.de\/ueber-uns\/#article","isPartOf":{"@id":"https:\/\/druckluft-verzeichnis.de\/ueber-uns\/"},"author":{"name":"KompressorTeile24","@id":"https:\/\/druckluft-verzeichnis.de\/#\/schema\/person\/c6efd3556741c4053ac9e05072b8aede"},"headline":"\u00dcber uns: Das Druckluft-Verzeichnis \u2013 Expertise trifft auf Vernetzung","datePublished":"2025-11-10T13:56:18+00:00","dateModified":"2026-02-05T09:33:39+00:00","mainEntityOfPage":{"@id":"https:\/\/druckluft-verzeichnis.de\/ueber-uns\/"},"wordCount":301,"publisher":{"@id":"https:\/\/druckluft-verzeichnis.de\/#organization"},"image":{"@id":"https:\/\/druckluft-verzeichnis.de\/ueber-uns\/#primaryimage"},"thumbnailUrl":"https:\/\/druckluft-verzeichnis.de\/wp-content\/uploads\/blog-druckluft-1.webp","inLanguage":"en-GB"},{"@type":"WebPage","@id":"https:\/\/druckluft-verzeichnis.de\/ueber-uns\/","url":"https:\/\/druckluft-verzeichnis.de\/ueber-uns\/","name":"\u00dcber uns: Druckluft-Expertise, Team & Mission des Verzeichnisses","isPartOf":{"@id":"https:\/\/druckluft-verzeichnis.de\/#website"},"primaryImageOfPage":{"@id":"https:\/\/druckluft-verzeichnis.de\/ueber-uns\/#primaryimage"},"image":{"@id":"https:\/\/druckluft-verzeichnis.de\/ueber-uns\/#primaryimage"},"thumbnailUrl":"https:\/\/druckluft-verzeichnis.de\/wp-content\/uploads\/blog-druckluft-1.webp","datePublished":"2025-11-10T13:56:18+00:00","dateModified":"2026-02-05T09:33:39+00:00","description":"Lernen Sie das Team hinter dem Druckluft-Verzeichnis kennen. Wir sind Fachleute mit langj\u00e4hriger Erfahrung in der Kompressoren- und Drucklufttechnik.","breadcrumb":{"@id":"https:\/\/druckluft-verzeichnis.de\/ueber-uns\/#breadcrumb"},"inLanguage":"en-GB","potentialAction":[{"@type":"ReadAction","target":["https:\/\/druckluft-verzeichnis.de\/ueber-uns\/"]}]},{"@type":"ImageObject","inLanguage":"en-GB","@id":"https:\/\/druckluft-verzeichnis.de\/ueber-uns\/#primaryimage","url":"https:\/\/druckluft-verzeichnis.de\/wp-content\/uploads\/blog-druckluft-1.webp","contentUrl":"https:\/\/druckluft-verzeichnis.de\/wp-content\/uploads\/blog-druckluft-1.webp","width":1200,"height":630,"caption":"Blog Druckluft und Kompressoren"},{"@type":"BreadcrumbList","@id":"https:\/\/druckluft-verzeichnis.de\/ueber-uns\/#breadcrumb","itemListElement":[{"@type":"ListItem","position":1,"name":"Startseite","item":"https:\/\/druckluft-verzeichnis.de\/"},{"@type":"ListItem","position":2,"name":"\u00dcber uns: Das Druckluft-Verzeichnis \u2013 Expertise trifft auf Vernetzung"}]},{"@type":"WebSite","@id":"https:\/\/druckluft-verzeichnis.de\/#website","url":"https:\/\/druckluft-verzeichnis.de\/","name":"Druckluft-Verzeichnis","description":"","publisher":{"@id":"https:\/\/druckluft-verzeichnis.de\/#organization"},"potentialAction":[{"@type":"SearchAction","target":{"@type":"EntryPoint","urlTemplate":"https:\/\/druckluft-verzeichnis.de\/?s={search_term_string}"},"query-input":{"@type":"PropertyValueSpecification","valueRequired":true,"valueName":"search_term_string"}}],"inLanguage":"en-GB"},{"@type":"Organization","@id":"https:\/\/druckluft-verzeichnis.de\/#organization","name":"druckluft-verzeichnis.de","url":"https:\/\/druckluft-verzeichnis.de\/","logo":{"@type":"ImageObject","inLanguage":"en-GB","@id":"https:\/\/druckluft-verzeichnis.de\/#\/schema\/logo\/image\/","url":"https:\/\/druckluft-verzeichnis.de\/wp-content\/uploads\/organisation-logo-druckluft-verzeichnis.png","contentUrl":"https:\/\/druckluft-verzeichnis.de\/wp-content\/uploads\/organisation-logo-druckluft-verzeichnis.png","width":600,"height":600,"caption":"druckluft-verzeichnis.de"},"image":{"@id":"https:\/\/druckluft-verzeichnis.de\/#\/schema\/logo\/image\/"},"sameAs":["https:\/\/www.inkedin.com\/company\/druckluft-verzeichnis\/"]},{"@type":"Person","@id":"https:\/\/druckluft-verzeichnis.de\/#\/schema\/person\/c6efd3556741c4053ac9e05072b8aede","name":"KompressorTeile24","image":{"@type":"ImageObject","inLanguage":"en-GB","@id":"https:\/\/druckluft-verzeichnis.de\/wp-content\/uploads\/2025\/07\/kompressorteile24_avatar-96x96.png","url":"https:\/\/druckluft-verzeichnis.de\/wp-content\/uploads\/2025\/07\/kompressorteile24_avatar-96x96.png","contentUrl":"https:\/\/druckluft-verzeichnis.de\/wp-content\/uploads\/2025\/07\/kompressorteile24_avatar-96x96.png","caption":"KompressorTeile24"}}]}},"_links":{"self":[{"href":"https:\/\/druckluft-verzeichnis.de\/en\/wp-json\/wp\/v2\/pages\/46571","targetHints":{"allow":["GET"]}}],"collection":[{"href":"https:\/\/druckluft-verzeichnis.de\/en\/wp-json\/wp\/v2\/pages"}],"about":[{"href":"https:\/\/druckluft-verzeichnis.de\/en\/wp-json\/wp\/v2\/types\/page"}],"author":[{"embeddable":true,"href":"https:\/\/druckluft-verzeichnis.de\/en\/wp-json\/wp\/v2\/users\/2"}],"replies":[{"embeddable":true,"href":"https:\/\/druckluft-verzeichnis.de\/en\/wp-json\/wp\/v2\/comments?post=46571"}],"version-history":[{"count":0,"href":"https:\/\/druckluft-verzeichnis.de\/en\/wp-json\/wp\/v2\/pages\/46571\/revisions"}],"wp:featuredmedia":[{"embeddable":true,"href":"https:\/\/druckluft-verzeichnis.de\/en\/wp-json\/wp\/v2\/media\/26753"}],"wp:attachment":[{"href":"https:\/\/druckluft-verzeichnis.de\/en\/wp-json\/wp\/v2\/media?parent=46571"}],"curies":[{"name":"wp","href":"https:\/\/api.w.org\/{rel}","templated":true}]}}