{"id":28645,"date":"2025-08-30T19:21:34","date_gmt":"2025-08-30T17:21:34","guid":{"rendered":"https:\/\/druckluft-verzeichnis.de\/?page_id=28645"},"modified":"2026-01-05T12:32:59","modified_gmt":"2026-01-05T11:32:59","slug":"sitemap","status":"publish","type":"page","link":"https:\/\/druckluft-verzeichnis.de\/en\/sitemap\/","title":{"rendered":"Sitemap"},"content":{"rendered":"<div data-elementor-type=\"wp-page\" data-elementor-id=\"28645\" class=\"elementor elementor-28645\" data-elementor-settings=\"{&quot;ha_cmc_init_switcher&quot;:&quot;no&quot;}\" data-elementor-post-type=\"page\">\n\t\t\t\t<div class=\"elementor-element elementor-element-73ee81c e-con-full e-flex e-con e-parent\" data-id=\"73ee81c\" data-element_type=\"container\" data-e-type=\"container\" data-settings=\"{&quot;background_background&quot;:&quot;gradient&quot;,&quot;_ha_eqh_enable&quot;:false}\">\n\t\t<div class=\"elementor-element elementor-element-7758dcf e-con-full e-flex e-con e-child\" data-id=\"7758dcf\" data-element_type=\"container\" data-e-type=\"container\" data-settings=\"{&quot;_ha_eqh_enable&quot;:false}\">\n\t\t\t\t<div class=\"elementor-element elementor-element-766ee05 elementor-widget elementor-widget-heading\" data-id=\"766ee05\" data-element_type=\"widget\" data-e-type=\"widget\" data-widget_type=\"heading.default\">\n\t\t\t\t\t<h2 class=\"elementor-heading-title elementor-size-default\">Sitemap: Alle Inhalte von Druckluft-Verzeichnis auf einen Blick<\/h2>\t\t\t\t<\/div>\n\t\t\t\t<\/div>\n\t\t\t\t<\/div>\n\t\t<div class=\"elementor-element elementor-element-088cad5 e-flex e-con-boxed e-con e-parent\" data-id=\"088cad5\" data-element_type=\"container\" data-e-type=\"container\" data-settings=\"{&quot;_ha_eqh_enable&quot;:false}\">\n\t\t\t\t\t<div class=\"e-con-inner\">\n\t\t\t\t<div class=\"elementor-element elementor-element-18637f1 elementor-widget elementor-widget-heading\" data-id=\"18637f1\" data-element_type=\"widget\" data-e-type=\"widget\" data-widget_type=\"heading.default\">\n\t\t\t\t\t<h2 class=\"elementor-heading-title elementor-size-default\">Sitemap - Alle Seiten im \u00dcberblick<\/h2>\t\t\t\t<\/div>\n\t\t\t\t<div class=\"elementor-element elementor-element-6ac87b1 elementor-widget elementor-widget-shortcode\" data-id=\"6ac87b1\" data-element_type=\"widget\" data-e-type=\"widget\" data-widget_type=\"shortcode.default\">\n\t\t\t\t\t\t\t<div class=\"elementor-shortcode\"><\/div>\n\t\t\t\t\t\t<\/div>\n\t\t\t\t\t<\/div>\n\t\t\t\t<\/div>\n\t\t\t\t<\/div>","protected":false},"excerpt":{"rendered":"<p>Sitemap: Alle Inhalte von Druckluft-Verzeichnis auf einen Blick Sitemap &#8211; Alle Seiten im \u00dcberblick<\/p>","protected":false},"author":2,"featured_media":26753,"parent":0,"menu_order":0,"comment_status":"closed","ping_status":"closed","template":"elementor_header_footer","meta":{"_acf_changed":false,"googlesitekit_rrm_CAowkvbCDA:productID":"","site-sidebar-layout":"no-sidebar","site-content-layout":"page-builder","ast-site-content-layout":"full-width-container","site-content-style":"unboxed","site-sidebar-style":"unboxed","ast-global-header-display":"","ast-banner-title-visibility":"","ast-main-header-display":"","ast-hfb-above-header-display":"","ast-hfb-below-header-display":"","ast-hfb-mobile-header-display":"","site-post-title":"disabled","ast-breadcrumbs-content":"","ast-featured-img":"disabled","footer-sml-layout":"","ast-disable-related-posts":"","theme-transparent-header-meta":"default","adv-header-id-meta":"","stick-header-meta":"","header-above-stick-meta":"","header-main-stick-meta":"","header-below-stick-meta":"","astra-migrate-meta-layouts":"set","ast-page-background-enabled":"default","ast-page-background-meta":{"desktop":{"background-color":"","background-image":"","background-repeat":"repeat","background-position":"center center","background-size":"auto","background-attachment":"scroll","background-type":"","background-media":"","overlay-type":"","overlay-color":"","overlay-opacity":"","overlay-gradient":""},"tablet":{"background-color":"","background-image":"","background-repeat":"repeat","background-position":"center center","background-size":"auto","background-attachment":"scroll","background-type":"","background-media":"","overlay-type":"","overlay-color":"","overlay-opacity":"","overlay-gradient":""},"mobile":{"background-color":"","background-image":"","background-repeat":"repeat","background-position":"center center","background-size":"auto","background-attachment":"scroll","background-type":"","background-media":"","overlay-type":"","overlay-color":"","overlay-opacity":"","overlay-gradient":""}},"ast-content-background-meta":{"desktop":{"background-color":"var(--ast-global-color-5)","background-image":"","background-repeat":"repeat","background-position":"center center","background-size":"auto","background-attachment":"scroll","background-type":"","background-media":"","overlay-type":"","overlay-color":"","overlay-opacity":"","overlay-gradient":""},"tablet":{"background-color":"var(--ast-global-color-5)","background-image":"","background-repeat":"repeat","background-position":"center center","background-size":"auto","background-attachment":"scroll","background-type":"","background-media":"","overlay-type":"","overlay-color":"","overlay-opacity":"","overlay-gradient":""},"mobile":{"background-color":"var(--ast-global-color-5)","background-image":"","background-repeat":"repeat","background-position":"center center","background-size":"auto","background-attachment":"scroll","background-type":"","background-media":"","overlay-type":"","overlay-color":"","overlay-opacity":"","overlay-gradient":""}},"footnotes":""},"class_list":["post-28645","page","type-page","status-publish","has-post-thumbnail","hentry"],"acf":[],"yoast_head":"<!-- This site is optimized with the Yoast SEO plugin v27.5 - https:\/\/yoast.com\/product\/yoast-seo-wordpress\/ -->\n<title>Sitemap | Alle Seiten im \u00dcberblick<\/title>\n<meta name=\"description\" content=\"Sitemap Alle Seiten, Blogbeitr\u00e4ge rund um Drucklufttechnik im \u00dcberblick.\" \/>\n<meta name=\"robots\" content=\"index, follow, max-snippet:-1, max-image-preview:large, max-video-preview:-1\" \/>\n<link rel=\"canonical\" href=\"https:\/\/druckluft-verzeichnis.de\/en\/sitemap\/\" \/>\n<meta property=\"og:locale\" content=\"en_GB\" \/>\n<meta property=\"og:type\" content=\"article\" \/>\n<meta property=\"og:title\" content=\"Sitemap | Alle Seiten im \u00dcberblick\" \/>\n<meta property=\"og:description\" content=\"Sitemap Alle Seiten, Blogbeitr\u00e4ge rund um Drucklufttechnik im \u00dcberblick.\" \/>\n<meta property=\"og:url\" content=\"https:\/\/druckluft-verzeichnis.de\/en\/sitemap\/\" \/>\n<meta property=\"og:site_name\" content=\"Druckluft-Verzeichnis\" \/>\n<meta property=\"article:modified_time\" content=\"2026-01-05T11:32:59+00:00\" \/>\n<meta property=\"og:image\" content=\"https:\/\/druckluft-verzeichnis.de\/wp-content\/uploads\/blog-druckluft-1.webp\" \/>\n\t<meta property=\"og:image:width\" content=\"1200\" \/>\n\t<meta property=\"og:image:height\" content=\"630\" \/>\n\t<meta property=\"og:image:type\" content=\"image\/webp\" \/>\n<meta name=\"twitter:card\" content=\"summary_large_image\" \/>\n<meta name=\"twitter:label1\" content=\"Estimated reading time\" \/>\n\t<meta name=\"twitter:data1\" content=\"1 minute\" \/>\n<script type=\"application\/ld+json\" class=\"yoast-schema-graph\">{\"@context\":\"https:\\\/\\\/schema.org\",\"@graph\":[{\"@type\":\"TechArticle\",\"@id\":\"https:\\\/\\\/druckluft-verzeichnis.de\\\/sitemap\\\/#article\",\"isPartOf\":{\"@id\":\"https:\\\/\\\/druckluft-verzeichnis.de\\\/sitemap\\\/\"},\"author\":{\"name\":\"KompressorTeile24\",\"@id\":\"https:\\\/\\\/druckluft-verzeichnis.de\\\/#\\\/schema\\\/person\\\/c6efd3556741c4053ac9e05072b8aede\"},\"headline\":\"Sitemap\",\"datePublished\":\"2025-08-30T17:21:34+00:00\",\"dateModified\":\"2026-01-05T11:32:59+00:00\",\"mainEntityOfPage\":{\"@id\":\"https:\\\/\\\/druckluft-verzeichnis.de\\\/sitemap\\\/\"},\"wordCount\":18,\"publisher\":{\"@id\":\"https:\\\/\\\/druckluft-verzeichnis.de\\\/#organization\"},\"image\":{\"@id\":\"https:\\\/\\\/druckluft-verzeichnis.de\\\/sitemap\\\/#primaryimage\"},\"thumbnailUrl\":\"https:\\\/\\\/druckluft-verzeichnis.de\\\/wp-content\\\/uploads\\\/blog-druckluft-1.webp\",\"inLanguage\":\"en-GB\"},{\"@type\":\"WebPage\",\"@id\":\"https:\\\/\\\/druckluft-verzeichnis.de\\\/sitemap\\\/\",\"url\":\"https:\\\/\\\/druckluft-verzeichnis.de\\\/sitemap\\\/\",\"name\":\"Sitemap | Alle Seiten im \u00dcberblick\",\"isPartOf\":{\"@id\":\"https:\\\/\\\/druckluft-verzeichnis.de\\\/#website\"},\"primaryImageOfPage\":{\"@id\":\"https:\\\/\\\/druckluft-verzeichnis.de\\\/sitemap\\\/#primaryimage\"},\"image\":{\"@id\":\"https:\\\/\\\/druckluft-verzeichnis.de\\\/sitemap\\\/#primaryimage\"},\"thumbnailUrl\":\"https:\\\/\\\/druckluft-verzeichnis.de\\\/wp-content\\\/uploads\\\/blog-druckluft-1.webp\",\"datePublished\":\"2025-08-30T17:21:34+00:00\",\"dateModified\":\"2026-01-05T11:32:59+00:00\",\"description\":\"Sitemap Alle Seiten, Blogbeitr\u00e4ge rund um Drucklufttechnik im \u00dcberblick.\",\"breadcrumb\":{\"@id\":\"https:\\\/\\\/druckluft-verzeichnis.de\\\/sitemap\\\/#breadcrumb\"},\"inLanguage\":\"en-GB\",\"potentialAction\":[{\"@type\":\"ReadAction\",\"target\":[\"https:\\\/\\\/druckluft-verzeichnis.de\\\/sitemap\\\/\"]}]},{\"@type\":\"ImageObject\",\"inLanguage\":\"en-GB\",\"@id\":\"https:\\\/\\\/druckluft-verzeichnis.de\\\/sitemap\\\/#primaryimage\",\"url\":\"https:\\\/\\\/druckluft-verzeichnis.de\\\/wp-content\\\/uploads\\\/blog-druckluft-1.webp\",\"contentUrl\":\"https:\\\/\\\/druckluft-verzeichnis.de\\\/wp-content\\\/uploads\\\/blog-druckluft-1.webp\",\"width\":1200,\"height\":630,\"caption\":\"Blog Druckluft und Kompressoren\"},{\"@type\":\"BreadcrumbList\",\"@id\":\"https:\\\/\\\/druckluft-verzeichnis.de\\\/sitemap\\\/#breadcrumb\",\"itemListElement\":[{\"@type\":\"ListItem\",\"position\":1,\"name\":\"Startseite\",\"item\":\"https:\\\/\\\/druckluft-verzeichnis.de\\\/\"},{\"@type\":\"ListItem\",\"position\":2,\"name\":\"Sitemap\"}]},{\"@type\":\"WebSite\",\"@id\":\"https:\\\/\\\/druckluft-verzeichnis.de\\\/#website\",\"url\":\"https:\\\/\\\/druckluft-verzeichnis.de\\\/\",\"name\":\"Druckluft-Verzeichnis\",\"description\":\"\",\"publisher\":{\"@id\":\"https:\\\/\\\/druckluft-verzeichnis.de\\\/#organization\"},\"potentialAction\":[{\"@type\":\"SearchAction\",\"target\":{\"@type\":\"EntryPoint\",\"urlTemplate\":\"https:\\\/\\\/druckluft-verzeichnis.de\\\/?s={search_term_string}\"},\"query-input\":{\"@type\":\"PropertyValueSpecification\",\"valueRequired\":true,\"valueName\":\"search_term_string\"}}],\"inLanguage\":\"en-GB\"},{\"@type\":\"Organization\",\"@id\":\"https:\\\/\\\/druckluft-verzeichnis.de\\\/#organization\",\"name\":\"druckluft-verzeichnis.de\",\"url\":\"https:\\\/\\\/druckluft-verzeichnis.de\\\/\",\"logo\":{\"@type\":\"ImageObject\",\"inLanguage\":\"en-GB\",\"@id\":\"https:\\\/\\\/druckluft-verzeichnis.de\\\/#\\\/schema\\\/logo\\\/image\\\/\",\"url\":\"https:\\\/\\\/druckluft-verzeichnis.de\\\/wp-content\\\/uploads\\\/organisation-logo-druckluft-verzeichnis.png\",\"contentUrl\":\"https:\\\/\\\/druckluft-verzeichnis.de\\\/wp-content\\\/uploads\\\/organisation-logo-druckluft-verzeichnis.png\",\"width\":600,\"height\":600,\"caption\":\"druckluft-verzeichnis.de\"},\"image\":{\"@id\":\"https:\\\/\\\/druckluft-verzeichnis.de\\\/#\\\/schema\\\/logo\\\/image\\\/\"},\"sameAs\":[\"https:\\\/\\\/www.inkedin.com\\\/company\\\/druckluft-verzeichnis\\\/\"]},{\"@type\":\"Person\",\"@id\":\"https:\\\/\\\/druckluft-verzeichnis.de\\\/#\\\/schema\\\/person\\\/c6efd3556741c4053ac9e05072b8aede\",\"name\":\"KompressorTeile24\",\"image\":{\"@type\":\"ImageObject\",\"inLanguage\":\"en-GB\",\"@id\":\"https:\\\/\\\/druckluft-verzeichnis.de\\\/wp-content\\\/uploads\\\/2025\\\/07\\\/kompressorteile24_avatar-96x96.png\",\"url\":\"https:\\\/\\\/druckluft-verzeichnis.de\\\/wp-content\\\/uploads\\\/2025\\\/07\\\/kompressorteile24_avatar-96x96.png\",\"contentUrl\":\"https:\\\/\\\/druckluft-verzeichnis.de\\\/wp-content\\\/uploads\\\/2025\\\/07\\\/kompressorteile24_avatar-96x96.png\",\"caption\":\"KompressorTeile24\"}}]}<\/script>\n<!-- \/ Yoast SEO plugin. -->","yoast_head_json":{"title":"Sitemap | Alle Seiten im \u00dcberblick","description":"Sitemap Alle Seiten, Blogbeitr\u00e4ge rund um Drucklufttechnik im \u00dcberblick.","robots":{"index":"index","follow":"follow","max-snippet":"max-snippet:-1","max-image-preview":"max-image-preview:large","max-video-preview":"max-video-preview:-1"},"canonical":"https:\/\/druckluft-verzeichnis.de\/en\/sitemap\/","og_locale":"en_GB","og_type":"article","og_title":"Sitemap | Alle Seiten im \u00dcberblick","og_description":"Sitemap Alle Seiten, Blogbeitr\u00e4ge rund um Drucklufttechnik im \u00dcberblick.","og_url":"https:\/\/druckluft-verzeichnis.de\/en\/sitemap\/","og_site_name":"Druckluft-Verzeichnis","article_modified_time":"2026-01-05T11:32:59+00:00","og_image":[{"width":1200,"height":630,"url":"https:\/\/druckluft-verzeichnis.de\/wp-content\/uploads\/blog-druckluft-1.webp","type":"image\/webp"}],"twitter_card":"summary_large_image","twitter_misc":{"Estimated reading time":"1 minute"},"schema":{"@context":"https:\/\/schema.org","@graph":[{"@type":"TechArticle","@id":"https:\/\/druckluft-verzeichnis.de\/sitemap\/#article","isPartOf":{"@id":"https:\/\/druckluft-verzeichnis.de\/sitemap\/"},"author":{"name":"KompressorTeile24","@id":"https:\/\/druckluft-verzeichnis.de\/#\/schema\/person\/c6efd3556741c4053ac9e05072b8aede"},"headline":"Sitemap","datePublished":"2025-08-30T17:21:34+00:00","dateModified":"2026-01-05T11:32:59+00:00","mainEntityOfPage":{"@id":"https:\/\/druckluft-verzeichnis.de\/sitemap\/"},"wordCount":18,"publisher":{"@id":"https:\/\/druckluft-verzeichnis.de\/#organization"},"image":{"@id":"https:\/\/druckluft-verzeichnis.de\/sitemap\/#primaryimage"},"thumbnailUrl":"https:\/\/druckluft-verzeichnis.de\/wp-content\/uploads\/blog-druckluft-1.webp","inLanguage":"en-GB"},{"@type":"WebPage","@id":"https:\/\/druckluft-verzeichnis.de\/sitemap\/","url":"https:\/\/druckluft-verzeichnis.de\/sitemap\/","name":"Sitemap | Alle Seiten im \u00dcberblick","isPartOf":{"@id":"https:\/\/druckluft-verzeichnis.de\/#website"},"primaryImageOfPage":{"@id":"https:\/\/druckluft-verzeichnis.de\/sitemap\/#primaryimage"},"image":{"@id":"https:\/\/druckluft-verzeichnis.de\/sitemap\/#primaryimage"},"thumbnailUrl":"https:\/\/druckluft-verzeichnis.de\/wp-content\/uploads\/blog-druckluft-1.webp","datePublished":"2025-08-30T17:21:34+00:00","dateModified":"2026-01-05T11:32:59+00:00","description":"Sitemap Alle Seiten, Blogbeitr\u00e4ge rund um Drucklufttechnik im \u00dcberblick.","breadcrumb":{"@id":"https:\/\/druckluft-verzeichnis.de\/sitemap\/#breadcrumb"},"inLanguage":"en-GB","potentialAction":[{"@type":"ReadAction","target":["https:\/\/druckluft-verzeichnis.de\/sitemap\/"]}]},{"@type":"ImageObject","inLanguage":"en-GB","@id":"https:\/\/druckluft-verzeichnis.de\/sitemap\/#primaryimage","url":"https:\/\/druckluft-verzeichnis.de\/wp-content\/uploads\/blog-druckluft-1.webp","contentUrl":"https:\/\/druckluft-verzeichnis.de\/wp-content\/uploads\/blog-druckluft-1.webp","width":1200,"height":630,"caption":"Blog Druckluft und Kompressoren"},{"@type":"BreadcrumbList","@id":"https:\/\/druckluft-verzeichnis.de\/sitemap\/#breadcrumb","itemListElement":[{"@type":"ListItem","position":1,"name":"Startseite","item":"https:\/\/druckluft-verzeichnis.de\/"},{"@type":"ListItem","position":2,"name":"Sitemap"}]},{"@type":"WebSite","@id":"https:\/\/druckluft-verzeichnis.de\/#website","url":"https:\/\/druckluft-verzeichnis.de\/","name":"Druckluft-Verzeichnis","description":"","publisher":{"@id":"https:\/\/druckluft-verzeichnis.de\/#organization"},"potentialAction":[{"@type":"SearchAction","target":{"@type":"EntryPoint","urlTemplate":"https:\/\/druckluft-verzeichnis.de\/?s={search_term_string}"},"query-input":{"@type":"PropertyValueSpecification","valueRequired":true,"valueName":"search_term_string"}}],"inLanguage":"en-GB"},{"@type":"Organization","@id":"https:\/\/druckluft-verzeichnis.de\/#organization","name":"druckluft-verzeichnis.de","url":"https:\/\/druckluft-verzeichnis.de\/","logo":{"@type":"ImageObject","inLanguage":"en-GB","@id":"https:\/\/druckluft-verzeichnis.de\/#\/schema\/logo\/image\/","url":"https:\/\/druckluft-verzeichnis.de\/wp-content\/uploads\/organisation-logo-druckluft-verzeichnis.png","contentUrl":"https:\/\/druckluft-verzeichnis.de\/wp-content\/uploads\/organisation-logo-druckluft-verzeichnis.png","width":600,"height":600,"caption":"druckluft-verzeichnis.de"},"image":{"@id":"https:\/\/druckluft-verzeichnis.de\/#\/schema\/logo\/image\/"},"sameAs":["https:\/\/www.inkedin.com\/company\/druckluft-verzeichnis\/"]},{"@type":"Person","@id":"https:\/\/druckluft-verzeichnis.de\/#\/schema\/person\/c6efd3556741c4053ac9e05072b8aede","name":"KompressorTeile24","image":{"@type":"ImageObject","inLanguage":"en-GB","@id":"https:\/\/druckluft-verzeichnis.de\/wp-content\/uploads\/2025\/07\/kompressorteile24_avatar-96x96.png","url":"https:\/\/druckluft-verzeichnis.de\/wp-content\/uploads\/2025\/07\/kompressorteile24_avatar-96x96.png","contentUrl":"https:\/\/druckluft-verzeichnis.de\/wp-content\/uploads\/2025\/07\/kompressorteile24_avatar-96x96.png","caption":"KompressorTeile24"}}]}},"_links":{"self":[{"href":"https:\/\/druckluft-verzeichnis.de\/en\/wp-json\/wp\/v2\/pages\/28645","targetHints":{"allow":["GET"]}}],"collection":[{"href":"https:\/\/druckluft-verzeichnis.de\/en\/wp-json\/wp\/v2\/pages"}],"about":[{"href":"https:\/\/druckluft-verzeichnis.de\/en\/wp-json\/wp\/v2\/types\/page"}],"author":[{"embeddable":true,"href":"https:\/\/druckluft-verzeichnis.de\/en\/wp-json\/wp\/v2\/users\/2"}],"replies":[{"embeddable":true,"href":"https:\/\/druckluft-verzeichnis.de\/en\/wp-json\/wp\/v2\/comments?post=28645"}],"version-history":[{"count":0,"href":"https:\/\/druckluft-verzeichnis.de\/en\/wp-json\/wp\/v2\/pages\/28645\/revisions"}],"wp:featuredmedia":[{"embeddable":true,"href":"https:\/\/druckluft-verzeichnis.de\/en\/wp-json\/wp\/v2\/media\/26753"}],"wp:attachment":[{"href":"https:\/\/druckluft-verzeichnis.de\/en\/wp-json\/wp\/v2\/media?parent=28645"}],"curies":[{"name":"wp","href":"https:\/\/api.w.org\/{rel}","templated":true}]}}