{"id":1158,"date":"2025-07-22T11:03:38","date_gmt":"2025-07-22T09:03:38","guid":{"rendered":"https:\/\/druckluft-verzeichnis.de\/?page_id=1158"},"modified":"2026-02-05T10:36:06","modified_gmt":"2026-02-05T09:36:06","slug":"impressum","status":"publish","type":"page","link":"https:\/\/druckluft-verzeichnis.de\/en\/impressum\/","title":{"rendered":"Impressum"},"content":{"rendered":"<div data-elementor-type=\"wp-page\" data-elementor-id=\"1158\" class=\"elementor elementor-1158\" data-elementor-settings=\"{&quot;ha_cmc_init_switcher&quot;:&quot;no&quot;}\" data-elementor-post-type=\"page\">\n\t\t\t\t<div class=\"elementor-element elementor-element-40b4413 e-con-full e-flex e-con e-parent\" data-id=\"40b4413\" data-element_type=\"container\" data-e-type=\"container\" data-settings=\"{&quot;background_background&quot;:&quot;gradient&quot;,&quot;_ha_eqh_enable&quot;:false}\">\n\t\t<div class=\"elementor-element elementor-element-5133d30 e-con-full e-flex e-con e-child\" data-id=\"5133d30\" data-element_type=\"container\" data-e-type=\"container\" data-settings=\"{&quot;_ha_eqh_enable&quot;:false}\">\n\t\t\t\t<div class=\"elementor-element elementor-element-55b04af elementor-widget elementor-widget-heading\" data-id=\"55b04af\" data-element_type=\"widget\" data-e-type=\"widget\" data-widget_type=\"heading.default\">\n\t\t\t\t\t<h1 class=\"elementor-heading-title elementor-size-default\">Impressum &amp; Rechtliche Hinweise<\/h1>\t\t\t\t<\/div>\n\t\t\t\t<\/div>\n\t\t\t\t<\/div>\n\t\t<div class=\"elementor-element elementor-element-386c1703 e-flex e-con-boxed e-con e-parent\" data-id=\"386c1703\" data-element_type=\"container\" data-e-type=\"container\" data-settings=\"{&quot;_ha_eqh_enable&quot;:false}\">\n\t\t\t\t\t<div class=\"e-con-inner\">\n\t\t\t\t<div class=\"elementor-element elementor-element-3211b382 elementor-widget elementor-widget-text-editor\" data-id=\"3211b382\" data-element_type=\"widget\" data-e-type=\"widget\" data-widget_type=\"text-editor.default\">\n\t\t\t\t\t\t\t\t\t<h4><strong>Angaben gem\u00e4\u00df \u00a7 5 TMG:<\/strong><\/h4><p>druckluft-verzeichnis.de &#8211; Inh. Steffen Th\u00f6rmer &amp; Gordon Hoffmann<br \/>Schillerstra\u00dfe 16<br \/>74397 Pfaffenhofen<\/p><h4>Kontakt:<\/h4><table><tbody><tr><td>Telefon:<\/td><td>0174-3701104<\/td><\/tr><tr><td>E-Mail:<\/td><td>kontakt@druckluft-verzeichnis.de<\/td><\/tr><\/tbody><\/table><p>Umsatzsteuer-Identifikationsnummer gem\u00e4\u00df \u00a727 a Umsatzsteuergesetz:<\/p><p>DE271649190<\/p><p>Kleinunternehmer gem\u00e4\u00df \u00a7 19 UStG<\/p><h3>Redaktionell verantwortlich<\/h3><p>Steffen Th\u00f6rmer<br \/>Gordon Hoffmann<br \/>Schillerstra\u00dfe 16<br \/>74397 Pfaffenhofen<\/p><p>Zur Beilegung von Streitigkeiten aus einem Vertragsverh\u00e4ltnis mit einem Verbraucher bzw. dar\u00fcber, ob ein solches Vertragsverh\u00e4ltnis \u00fcberhaupt besteht, sind wir zur Teilnahme an Streitbeilegungsverfahren vor einer Verbraucherschlichtungsstelle verpflichtet. Zust\u00e4ndig ist die Universalschlichtungsstelle des Bundes am Zentrum f\u00fcr Schlichtung e.V., Stra\u00dfburger Stra\u00dfe 8, 77694 Kehl am Rhein, <a href=\"http:\/\/www.universalschlichtungsstelle.de\" target=\"_blank\" rel=\"noopener\">www.universalschlichtungsstelle.de<\/a>. An einem Streitbeilegungsverfahren vor dieser Stelle werden wir teilnehmen.<\/p><p><i>Impressum erstellt mit <a title=\"rechtstexter.de\" href=\"https:\/\/legal.trustedshops.com\/legalwizard\" target=\"_blank\" rel=\"noopener\">rechtstexter.de<\/a>.<\/i><\/p><p>Quelle: <em><a href=\"http:\/\/www.e-recht24.de\/impressum-generator.html\" rel=\"nofollow\">http:\/\/www.e-recht24.de<\/a><\/em><\/p><h2>\u00a0<\/h2><h3>Haftungsausschluss (Disclaimer)<\/h3><p><strong>Haftung f\u00fcr Inhalte<\/strong><\/p><p>Als Diensteanbieter sind wir gem\u00e4\u00df \u00a7 7 Abs.1 TMG f\u00fcr eigene Inhalte auf diesen Seiten nach den allgemeinen Gesetzen verantwortlich. Nach \u00a7\u00a7 8 bis 10 TMG sind wir als Diensteanbieter jedoch nicht verpflichtet, \u00fcbermittelte oder gespeicherte fremde Informationen zu \u00fcberwachen oder nach Umst\u00e4nden zu forschen, die auf eine rechtswidrige T\u00e4tigkeit hinweisen. Verpflichtungen zur Entfernung oder Sperrung der Nutzung von Informationen nach den allgemeinen Gesetzen bleiben hiervon unber\u00fchrt. Eine diesbez\u00fcgliche Haftung ist jedoch erst ab dem Zeitpunkt der Kenntnis einer konkreten Rechtsverletzung m\u00f6glich. Bei Bekanntwerden von entsprechenden Rechtsverletzungen werden wir diese Inhalte umgehend entfernen.<\/p><p>Die auf dieser Website bereitgestellten Inhalte, einschlie\u00dflich Blogbeitr\u00e4gen und Rechner-Tools, dienen ausschlie\u00dflich der <strong>Information<\/strong>. Es wird <strong>keine Gew\u00e4hr f\u00fcr Richtigkeit, Vollst\u00e4ndigkeit oder Aktualit\u00e4t<\/strong> \u00fcbernommen.<\/p><p>Die Nutzung der Inhalte und Berechnungsergebnisse erfolgt <strong>auf eigene Verantwortung<\/strong>. Sie ersetzen keine eigenst\u00e4ndige Pr\u00fcfung oder fachliche Beratung. Nutzer sind verpflichtet, die bereitgestellten Informationen <strong>selbst zu \u00fcberpr\u00fcfen<\/strong>.<\/p><p>Eine Haftung f\u00fcr Sch\u00e4den, die aus der Nutzung oder Nichtnutzung der Inhalte entstehen, ist \u2013 soweit gesetzlich zul\u00e4ssig \u2013 <strong>ausgeschlossen<\/strong>.<\/p><p><strong>Haftung f\u00fcr Links<\/strong><\/p><p>Unser Angebot enth\u00e4lt Links zu externen Webseiten Dritter, auf deren Inhalte wir keinen Einfluss haben. Deshalb k\u00f6nnen wir f\u00fcr diese fremden Inhalte auch keine Gew\u00e4hr \u00fcbernehmen. F\u00fcr die Inhalte der verlinkten Seiten ist stets der jeweilige Anbieter oder Betreiber der Seiten verantwortlich. Die verlinkten Seiten wurden zum Zeitpunkt der Verlinkung auf m\u00f6gliche Rechtsverst\u00f6\u00dfe \u00fcberpr\u00fcft. Rechtswidrige Inhalte waren zum Zeitpunkt der Verlinkung nicht erkennbar. Eine permanente inhaltliche Kontrolle der verlinkten Seiten ist jedoch ohne konkrete Anhaltspunkte einer Rechtsverletzung nicht zumutbar. Bei Bekanntwerden von Rechtsverletzungen werden wir derartige Links umgehend entfernen.<\/p><p><strong>Urheberrecht<\/strong><\/p><p>Die durch die Seitenbetreiber erstellten Inhalte und Werke auf diesen Seiten unterliegen dem deutschen Urheberrecht. Die Vervielf\u00e4ltigung, Bearbeitung, Verbreitung und jede Art der Verwertung au\u00dferhalb der Grenzen des Urheberrechtes bed\u00fcrfen der schriftlichen Zustimmung des jeweiligen Autors bzw. Erstellers. Downloads und Kopien dieser Seite sind nur f\u00fcr den privaten, nicht kommerziellen Gebrauch gestattet. Soweit die Inhalte auf dieser Seite nicht vom Betreiber erstellt wurden, werden die Urheberrechte Dritter beachtet. Insbesondere werden Inhalte Dritter als solche gekennzeichnet. Sollten Sie trotzdem auf eine Urheberrechtsverletzung aufmerksam werden, bitten wir um einen entsprechenden Hinweis. Bei Bekanntwerden von Rechtsverletzungen werden wir derartige Inhalte umgehend entfernen.<\/p><p><em>Quellverweis: <a href=\"http:\/\/www.e-recht24.de\/muster-disclaimer.html\" target=\"_blank\" rel=\"nofollow noopener\">eRecht24<\/a><\/em><\/p><p>Bildnachweise<\/p><p>Die auf dieser Seite verwendeten Bilder und Grafiken sind urheberrechtlich gesch\u00fctzt. Sofern nicht anders angegeben, liegen die Rechte bei den jeweiligen Fotografen oder Bildagenturen.<\/p><ul><li>Airpol PPS<\/li><li>Pexels<\/li><li>envato<\/li><li>freepik<\/li><\/ul><p>Lizenzbedingungen: <a href=\"https:\/\/creativecommons.org\/licenses\/by-sa\/4.0\/deed.en\" target=\"_blank\" rel=\"nofollow noopener\">Creative-Commons<\/a><\/p><p class=\"my-0\">Sollten Sie der Meinung sein, dass trotz sorgf\u00e4ltiger Pr\u00fcfung ein Bildrecht verletzt wurde, bitten wir um eine entsprechende Nachricht. Das betreffende Bild wird dann umgehend entfernt oder korrekt nachgewiesen.<\/p>\t\t\t\t\t\t\t\t<\/div>\n\t\t\t\t\t<\/div>\n\t\t\t\t<\/div>\n\t\t\t\t<\/div>","protected":false},"excerpt":{"rendered":"<p>Impressum &amp; Rechtliche Hinweise Angaben gem\u00e4\u00df \u00a7 5 TMG: druckluft-verzeichnis.de &#8211; Inh. Steffen Th\u00f6rmer &amp; Gordon HoffmannSchillerstra\u00dfe 1674397 Pfaffenhofen Kontakt: Telefon: 0174-3701104 E-Mail: kontakt@druckluft-verzeichnis.de Umsatzsteuer-Identifikationsnummer gem\u00e4\u00df \u00a727 a Umsatzsteuergesetz: DE271649190 Kleinunternehmer gem\u00e4\u00df \u00a7 19 UStG Redaktionell verantwortlich Steffen Th\u00f6rmerGordon HoffmannSchillerstra\u00dfe 1674397 Pfaffenhofen Zur Beilegung von Streitigkeiten aus einem Vertragsverh\u00e4ltnis mit einem Verbraucher bzw. dar\u00fcber, ob [&hellip;]<\/p>\n","protected":false},"author":1,"featured_media":26753,"parent":0,"menu_order":0,"comment_status":"closed","ping_status":"closed","template":"elementor_header_footer","meta":{"_acf_changed":false,"googlesitekit_rrm_CAowkvbCDA:productID":"","site-sidebar-layout":"default","site-content-layout":"","ast-site-content-layout":"full-width-container","site-content-style":"default","site-sidebar-style":"default","ast-global-header-display":"","ast-banner-title-visibility":"","ast-main-header-display":"","ast-hfb-above-header-display":"","ast-hfb-below-header-display":"","ast-hfb-mobile-header-display":"","site-post-title":"disabled","ast-breadcrumbs-content":"","ast-featured-img":"","footer-sml-layout":"","ast-disable-related-posts":"","theme-transparent-header-meta":"default","adv-header-id-meta":"","stick-header-meta":"","header-above-stick-meta":"","header-main-stick-meta":"","header-below-stick-meta":"","astra-migrate-meta-layouts":"set","ast-page-background-enabled":"default","ast-page-background-meta":{"desktop":{"background-color":"","background-image":"","background-repeat":"repeat","background-position":"center center","background-size":"auto","background-attachment":"scroll","background-type":"","background-media":"","overlay-type":"","overlay-color":"","overlay-opacity":"","overlay-gradient":""},"tablet":{"background-color":"","background-image":"","background-repeat":"repeat","background-position":"center center","background-size":"auto","background-attachment":"scroll","background-type":"","background-media":"","overlay-type":"","overlay-color":"","overlay-opacity":"","overlay-gradient":""},"mobile":{"background-color":"","background-image":"","background-repeat":"repeat","background-position":"center center","background-size":"auto","background-attachment":"scroll","background-type":"","background-media":"","overlay-type":"","overlay-color":"","overlay-opacity":"","overlay-gradient":""}},"ast-content-background-meta":{"desktop":{"background-color":"var(--ast-global-color-5)","background-image":"","background-repeat":"repeat","background-position":"center center","background-size":"auto","background-attachment":"scroll","background-type":"","background-media":"","overlay-type":"","overlay-color":"","overlay-opacity":"","overlay-gradient":""},"tablet":{"background-color":"var(--ast-global-color-5)","background-image":"","background-repeat":"repeat","background-position":"center center","background-size":"auto","background-attachment":"scroll","background-type":"","background-media":"","overlay-type":"","overlay-color":"","overlay-opacity":"","overlay-gradient":""},"mobile":{"background-color":"var(--ast-global-color-5)","background-image":"","background-repeat":"repeat","background-position":"center center","background-size":"auto","background-attachment":"scroll","background-type":"","background-media":"","overlay-type":"","overlay-color":"","overlay-opacity":"","overlay-gradient":""}},"footnotes":""},"class_list":["post-1158","page","type-page","status-publish","has-post-thumbnail","hentry"],"acf":[],"yoast_head":"<!-- This site is optimized with the Yoast SEO plugin v27.4 - https:\/\/yoast.com\/product\/yoast-seo-wordpress\/ -->\n<title>Impressum \u2013 druckluft-verzeichnis.de | Anbieterinformationen<\/title>\n<meta name=\"description\" content=\"Impressum von druckluft-verzeichnis.de \u2013 alle rechtlichen Angaben zum Betreiber, Kontakt und gesetzlicher Informationspflicht im \u00dcberblick.\" \/>\n<meta name=\"robots\" content=\"index, follow, max-video-preview:-1, noimageindex, noarchive, nosnippet\" \/>\n<link rel=\"canonical\" href=\"https:\/\/druckluft-verzeichnis.de\/en\/impressum\/\" \/>\n<meta property=\"og:locale\" content=\"en_GB\" \/>\n<meta property=\"og:type\" content=\"article\" \/>\n<meta property=\"og:title\" content=\"Impressum \u2013 druckluft-verzeichnis.de | Anbieterinformationen\" \/>\n<meta property=\"og:description\" content=\"Impressum von druckluft-verzeichnis.de \u2013 alle rechtlichen Angaben zum Betreiber, Kontakt und gesetzlicher Informationspflicht im \u00dcberblick.\" \/>\n<meta property=\"og:url\" content=\"https:\/\/druckluft-verzeichnis.de\/en\/impressum\/\" \/>\n<meta property=\"og:site_name\" content=\"Druckluft-Verzeichnis\" \/>\n<meta property=\"article:modified_time\" content=\"2026-02-05T09:36:06+00:00\" \/>\n<meta property=\"og:image\" content=\"https:\/\/druckluft-verzeichnis.de\/wp-content\/uploads\/blog-druckluft-1.webp\" \/>\n\t<meta property=\"og:image:width\" content=\"1200\" \/>\n\t<meta property=\"og:image:height\" content=\"630\" \/>\n\t<meta property=\"og:image:type\" content=\"image\/webp\" \/>\n<meta name=\"twitter:card\" content=\"summary_large_image\" \/>\n<meta name=\"twitter:label1\" content=\"Estimated reading time\" \/>\n\t<meta name=\"twitter:data1\" content=\"3 minutes\" \/>\n<script type=\"application\/ld+json\" class=\"yoast-schema-graph\">{\"@context\":\"https:\\\/\\\/schema.org\",\"@graph\":[{\"@type\":\"TechArticle\",\"@id\":\"https:\\\/\\\/druckluft-verzeichnis.de\\\/impressum\\\/#article\",\"isPartOf\":{\"@id\":\"https:\\\/\\\/druckluft-verzeichnis.de\\\/impressum\\\/\"},\"author\":{\"name\":\"steffent\",\"@id\":\"https:\\\/\\\/druckluft-verzeichnis.de\\\/#\\\/schema\\\/person\\\/441616444cc6d85215a8aaa6db55442b\"},\"headline\":\"Impressum\",\"datePublished\":\"2025-07-22T09:03:38+00:00\",\"dateModified\":\"2026-02-05T09:36:06+00:00\",\"mainEntityOfPage\":{\"@id\":\"https:\\\/\\\/druckluft-verzeichnis.de\\\/impressum\\\/\"},\"wordCount\":570,\"publisher\":{\"@id\":\"https:\\\/\\\/druckluft-verzeichnis.de\\\/#organization\"},\"image\":{\"@id\":\"https:\\\/\\\/druckluft-verzeichnis.de\\\/impressum\\\/#primaryimage\"},\"thumbnailUrl\":\"https:\\\/\\\/druckluft-verzeichnis.de\\\/wp-content\\\/uploads\\\/blog-druckluft-1.webp\",\"inLanguage\":\"en-GB\"},{\"@type\":\"WebPage\",\"@id\":\"https:\\\/\\\/druckluft-verzeichnis.de\\\/impressum\\\/\",\"url\":\"https:\\\/\\\/druckluft-verzeichnis.de\\\/impressum\\\/\",\"name\":\"Impressum \u2013 druckluft-verzeichnis.de | Anbieterinformationen\",\"isPartOf\":{\"@id\":\"https:\\\/\\\/druckluft-verzeichnis.de\\\/#website\"},\"primaryImageOfPage\":{\"@id\":\"https:\\\/\\\/druckluft-verzeichnis.de\\\/impressum\\\/#primaryimage\"},\"image\":{\"@id\":\"https:\\\/\\\/druckluft-verzeichnis.de\\\/impressum\\\/#primaryimage\"},\"thumbnailUrl\":\"https:\\\/\\\/druckluft-verzeichnis.de\\\/wp-content\\\/uploads\\\/blog-druckluft-1.webp\",\"datePublished\":\"2025-07-22T09:03:38+00:00\",\"dateModified\":\"2026-02-05T09:36:06+00:00\",\"description\":\"Impressum von druckluft-verzeichnis.de \u2013 alle rechtlichen Angaben zum Betreiber, Kontakt und gesetzlicher Informationspflicht im \u00dcberblick.\",\"breadcrumb\":{\"@id\":\"https:\\\/\\\/druckluft-verzeichnis.de\\\/impressum\\\/#breadcrumb\"},\"inLanguage\":\"en-GB\",\"potentialAction\":[{\"@type\":\"ReadAction\",\"target\":[\"https:\\\/\\\/druckluft-verzeichnis.de\\\/impressum\\\/\"]}]},{\"@type\":\"ImageObject\",\"inLanguage\":\"en-GB\",\"@id\":\"https:\\\/\\\/druckluft-verzeichnis.de\\\/impressum\\\/#primaryimage\",\"url\":\"https:\\\/\\\/druckluft-verzeichnis.de\\\/wp-content\\\/uploads\\\/blog-druckluft-1.webp\",\"contentUrl\":\"https:\\\/\\\/druckluft-verzeichnis.de\\\/wp-content\\\/uploads\\\/blog-druckluft-1.webp\",\"width\":1200,\"height\":630,\"caption\":\"Blog Druckluft und Kompressoren\"},{\"@type\":\"BreadcrumbList\",\"@id\":\"https:\\\/\\\/druckluft-verzeichnis.de\\\/impressum\\\/#breadcrumb\",\"itemListElement\":[{\"@type\":\"ListItem\",\"position\":1,\"name\":\"Startseite\",\"item\":\"https:\\\/\\\/druckluft-verzeichnis.de\\\/\"},{\"@type\":\"ListItem\",\"position\":2,\"name\":\"Impressum\"}]},{\"@type\":\"WebSite\",\"@id\":\"https:\\\/\\\/druckluft-verzeichnis.de\\\/#website\",\"url\":\"https:\\\/\\\/druckluft-verzeichnis.de\\\/\",\"name\":\"Druckluft-Verzeichnis\",\"description\":\"\",\"publisher\":{\"@id\":\"https:\\\/\\\/druckluft-verzeichnis.de\\\/#organization\"},\"potentialAction\":[{\"@type\":\"SearchAction\",\"target\":{\"@type\":\"EntryPoint\",\"urlTemplate\":\"https:\\\/\\\/druckluft-verzeichnis.de\\\/?s={search_term_string}\"},\"query-input\":{\"@type\":\"PropertyValueSpecification\",\"valueRequired\":true,\"valueName\":\"search_term_string\"}}],\"inLanguage\":\"en-GB\"},{\"@type\":\"Organization\",\"@id\":\"https:\\\/\\\/druckluft-verzeichnis.de\\\/#organization\",\"name\":\"druckluft-verzeichnis.de\",\"url\":\"https:\\\/\\\/druckluft-verzeichnis.de\\\/\",\"logo\":{\"@type\":\"ImageObject\",\"inLanguage\":\"en-GB\",\"@id\":\"https:\\\/\\\/druckluft-verzeichnis.de\\\/#\\\/schema\\\/logo\\\/image\\\/\",\"url\":\"https:\\\/\\\/druckluft-verzeichnis.de\\\/wp-content\\\/uploads\\\/organisation-logo-druckluft-verzeichnis.png\",\"contentUrl\":\"https:\\\/\\\/druckluft-verzeichnis.de\\\/wp-content\\\/uploads\\\/organisation-logo-druckluft-verzeichnis.png\",\"width\":600,\"height\":600,\"caption\":\"druckluft-verzeichnis.de\"},\"image\":{\"@id\":\"https:\\\/\\\/druckluft-verzeichnis.de\\\/#\\\/schema\\\/logo\\\/image\\\/\"},\"sameAs\":[\"https:\\\/\\\/www.inkedin.com\\\/company\\\/druckluft-verzeichnis\\\/\"]},{\"@type\":\"Person\",\"@id\":\"https:\\\/\\\/druckluft-verzeichnis.de\\\/#\\\/schema\\\/person\\\/441616444cc6d85215a8aaa6db55442b\",\"name\":\"steffent\",\"image\":{\"@type\":\"ImageObject\",\"inLanguage\":\"en-GB\",\"@id\":\"https:\\\/\\\/secure.gravatar.com\\\/avatar\\\/53850eff78d3775989b4d3ea4b0e7d80dc801cf3746de5ad35661e7152e9d922?s=96&r=g&d=https:\\\/\\\/druckluft-verzeichnis.de\\\/wp-content\\\/uploads\\\/dummy-profil-pic.webp\",\"url\":\"https:\\\/\\\/secure.gravatar.com\\\/avatar\\\/53850eff78d3775989b4d3ea4b0e7d80dc801cf3746de5ad35661e7152e9d922?s=96&r=g&d=https:\\\/\\\/druckluft-verzeichnis.de\\\/wp-content\\\/uploads\\\/dummy-profil-pic.webp\",\"contentUrl\":\"https:\\\/\\\/secure.gravatar.com\\\/avatar\\\/53850eff78d3775989b4d3ea4b0e7d80dc801cf3746de5ad35661e7152e9d922?s=96&r=g&d=https:\\\/\\\/druckluft-verzeichnis.de\\\/wp-content\\\/uploads\\\/dummy-profil-pic.webp\",\"caption\":\"steffent\"},\"sameAs\":[\"https:\\\/\\\/druckluft-verzeichnis.de\"]}]}<\/script>\n<!-- \/ Yoast SEO plugin. -->","yoast_head_json":{"title":"Impressum \u2013 druckluft-verzeichnis.de | Anbieterinformationen","description":"Impressum von druckluft-verzeichnis.de \u2013 alle rechtlichen Angaben zum Betreiber, Kontakt und gesetzlicher Informationspflicht im \u00dcberblick.","robots":{"index":"index","follow":"follow","max-video-preview":"max-video-preview:-1","imageindex":"noimageindex","archive":"noarchive","snippet":"nosnippet"},"canonical":"https:\/\/druckluft-verzeichnis.de\/en\/impressum\/","og_locale":"en_GB","og_type":"article","og_title":"Impressum \u2013 druckluft-verzeichnis.de | Anbieterinformationen","og_description":"Impressum von druckluft-verzeichnis.de \u2013 alle rechtlichen Angaben zum Betreiber, Kontakt und gesetzlicher Informationspflicht im \u00dcberblick.","og_url":"https:\/\/druckluft-verzeichnis.de\/en\/impressum\/","og_site_name":"Druckluft-Verzeichnis","article_modified_time":"2026-02-05T09:36:06+00:00","og_image":[{"width":1200,"height":630,"url":"https:\/\/druckluft-verzeichnis.de\/wp-content\/uploads\/blog-druckluft-1.webp","type":"image\/webp"}],"twitter_card":"summary_large_image","twitter_misc":{"Estimated reading time":"3 minutes"},"schema":{"@context":"https:\/\/schema.org","@graph":[{"@type":"TechArticle","@id":"https:\/\/druckluft-verzeichnis.de\/impressum\/#article","isPartOf":{"@id":"https:\/\/druckluft-verzeichnis.de\/impressum\/"},"author":{"name":"steffent","@id":"https:\/\/druckluft-verzeichnis.de\/#\/schema\/person\/441616444cc6d85215a8aaa6db55442b"},"headline":"Impressum","datePublished":"2025-07-22T09:03:38+00:00","dateModified":"2026-02-05T09:36:06+00:00","mainEntityOfPage":{"@id":"https:\/\/druckluft-verzeichnis.de\/impressum\/"},"wordCount":570,"publisher":{"@id":"https:\/\/druckluft-verzeichnis.de\/#organization"},"image":{"@id":"https:\/\/druckluft-verzeichnis.de\/impressum\/#primaryimage"},"thumbnailUrl":"https:\/\/druckluft-verzeichnis.de\/wp-content\/uploads\/blog-druckluft-1.webp","inLanguage":"en-GB"},{"@type":"WebPage","@id":"https:\/\/druckluft-verzeichnis.de\/impressum\/","url":"https:\/\/druckluft-verzeichnis.de\/impressum\/","name":"Impressum \u2013 druckluft-verzeichnis.de | Anbieterinformationen","isPartOf":{"@id":"https:\/\/druckluft-verzeichnis.de\/#website"},"primaryImageOfPage":{"@id":"https:\/\/druckluft-verzeichnis.de\/impressum\/#primaryimage"},"image":{"@id":"https:\/\/druckluft-verzeichnis.de\/impressum\/#primaryimage"},"thumbnailUrl":"https:\/\/druckluft-verzeichnis.de\/wp-content\/uploads\/blog-druckluft-1.webp","datePublished":"2025-07-22T09:03:38+00:00","dateModified":"2026-02-05T09:36:06+00:00","description":"Impressum von druckluft-verzeichnis.de \u2013 alle rechtlichen Angaben zum Betreiber, Kontakt und gesetzlicher Informationspflicht im \u00dcberblick.","breadcrumb":{"@id":"https:\/\/druckluft-verzeichnis.de\/impressum\/#breadcrumb"},"inLanguage":"en-GB","potentialAction":[{"@type":"ReadAction","target":["https:\/\/druckluft-verzeichnis.de\/impressum\/"]}]},{"@type":"ImageObject","inLanguage":"en-GB","@id":"https:\/\/druckluft-verzeichnis.de\/impressum\/#primaryimage","url":"https:\/\/druckluft-verzeichnis.de\/wp-content\/uploads\/blog-druckluft-1.webp","contentUrl":"https:\/\/druckluft-verzeichnis.de\/wp-content\/uploads\/blog-druckluft-1.webp","width":1200,"height":630,"caption":"Blog Druckluft und Kompressoren"},{"@type":"BreadcrumbList","@id":"https:\/\/druckluft-verzeichnis.de\/impressum\/#breadcrumb","itemListElement":[{"@type":"ListItem","position":1,"name":"Startseite","item":"https:\/\/druckluft-verzeichnis.de\/"},{"@type":"ListItem","position":2,"name":"Impressum"}]},{"@type":"WebSite","@id":"https:\/\/druckluft-verzeichnis.de\/#website","url":"https:\/\/druckluft-verzeichnis.de\/","name":"Druckluft-Verzeichnis","description":"","publisher":{"@id":"https:\/\/druckluft-verzeichnis.de\/#organization"},"potentialAction":[{"@type":"SearchAction","target":{"@type":"EntryPoint","urlTemplate":"https:\/\/druckluft-verzeichnis.de\/?s={search_term_string}"},"query-input":{"@type":"PropertyValueSpecification","valueRequired":true,"valueName":"search_term_string"}}],"inLanguage":"en-GB"},{"@type":"Organization","@id":"https:\/\/druckluft-verzeichnis.de\/#organization","name":"druckluft-verzeichnis.de","url":"https:\/\/druckluft-verzeichnis.de\/","logo":{"@type":"ImageObject","inLanguage":"en-GB","@id":"https:\/\/druckluft-verzeichnis.de\/#\/schema\/logo\/image\/","url":"https:\/\/druckluft-verzeichnis.de\/wp-content\/uploads\/organisation-logo-druckluft-verzeichnis.png","contentUrl":"https:\/\/druckluft-verzeichnis.de\/wp-content\/uploads\/organisation-logo-druckluft-verzeichnis.png","width":600,"height":600,"caption":"druckluft-verzeichnis.de"},"image":{"@id":"https:\/\/druckluft-verzeichnis.de\/#\/schema\/logo\/image\/"},"sameAs":["https:\/\/www.inkedin.com\/company\/druckluft-verzeichnis\/"]},{"@type":"Person","@id":"https:\/\/druckluft-verzeichnis.de\/#\/schema\/person\/441616444cc6d85215a8aaa6db55442b","name":"steffent","image":{"@type":"ImageObject","inLanguage":"en-GB","@id":"https:\/\/secure.gravatar.com\/avatar\/53850eff78d3775989b4d3ea4b0e7d80dc801cf3746de5ad35661e7152e9d922?s=96&r=g&d=https:\/\/druckluft-verzeichnis.de\/wp-content\/uploads\/dummy-profil-pic.webp","url":"https:\/\/secure.gravatar.com\/avatar\/53850eff78d3775989b4d3ea4b0e7d80dc801cf3746de5ad35661e7152e9d922?s=96&r=g&d=https:\/\/druckluft-verzeichnis.de\/wp-content\/uploads\/dummy-profil-pic.webp","contentUrl":"https:\/\/secure.gravatar.com\/avatar\/53850eff78d3775989b4d3ea4b0e7d80dc801cf3746de5ad35661e7152e9d922?s=96&r=g&d=https:\/\/druckluft-verzeichnis.de\/wp-content\/uploads\/dummy-profil-pic.webp","caption":"steffent"},"sameAs":["https:\/\/druckluft-verzeichnis.de"]}]}},"_links":{"self":[{"href":"https:\/\/druckluft-verzeichnis.de\/en\/wp-json\/wp\/v2\/pages\/1158","targetHints":{"allow":["GET"]}}],"collection":[{"href":"https:\/\/druckluft-verzeichnis.de\/en\/wp-json\/wp\/v2\/pages"}],"about":[{"href":"https:\/\/druckluft-verzeichnis.de\/en\/wp-json\/wp\/v2\/types\/page"}],"author":[{"embeddable":true,"href":"https:\/\/druckluft-verzeichnis.de\/en\/wp-json\/wp\/v2\/users\/1"}],"replies":[{"embeddable":true,"href":"https:\/\/druckluft-verzeichnis.de\/en\/wp-json\/wp\/v2\/comments?post=1158"}],"version-history":[{"count":0,"href":"https:\/\/druckluft-verzeichnis.de\/en\/wp-json\/wp\/v2\/pages\/1158\/revisions"}],"wp:featuredmedia":[{"embeddable":true,"href":"https:\/\/druckluft-verzeichnis.de\/en\/wp-json\/wp\/v2\/media\/26753"}],"wp:attachment":[{"href":"https:\/\/druckluft-verzeichnis.de\/en\/wp-json\/wp\/v2\/media?parent=1158"}],"curies":[{"name":"wp","href":"https:\/\/api.w.org\/{rel}","templated":true}]}}